{"id":100,"date":"2025-05-20T12:34:24","date_gmt":"2025-05-20T12:34:24","guid":{"rendered":"https:\/\/equichannel.200.solutions\/?page_id=100"},"modified":"2025-06-03T21:58:01","modified_gmt":"2025-06-03T19:58:01","slug":"diskuze","status":"publish","type":"page","link":"https:\/\/equichannel.200.solutions\/?page_id=100","title":{"rendered":"Diskuze"},"content":{"rendered":"<section class=\"bde-section-100-150 bde-section\">\n  \n\t\n\n\n\n<div class=\"section-container\"><div class=\"bde-div-100-103 bde-div\">\n  \n\t\n\n\n\n<a class=\"bde-text-link-100-104 bde-text-link breakdance-link\" href=\"https:\/\/equichannel.200.solutions\" target=\"_self\" data-type=\"url\">\n  Dom\u016f\n\n<\/a><div class=\"bde-icon-100-105 bde-icon\">\n\n    \n            <div class=\"bde-icon-icon breakdance-icon-atom\" >\n    \n                    <svg xmlns=\"http:\/\/www.w3.org\/2000\/svg\" viewBox=\"0 0 256 512\"><!-- Font Awesome Free 5.15.1 by @fontawesome - https:\/\/fontawesome.com License - https:\/\/fontawesome.com\/license\/free (Icons: CC BY 4.0, Fonts: SIL OFL 1.1, Code: MIT License) --><path d=\"M224.3 273l-136 136c-9.4 9.4-24.6 9.4-33.9 0l-22.6-22.6c-9.4-9.4-9.4-24.6 0-33.9l96.4-96.4-96.4-96.4c-9.4-9.4-9.4-24.6 0-33.9L54.3 103c9.4-9.4 24.6-9.4 33.9 0l136 136c9.5 9.4 9.5 24.6.1 34z\"\/><\/svg>\n        \n        \n        \n            <\/div>\n    \n\n\n<\/div><a class=\"bde-text-link-100-110 bde-text-link breakdance-link\" href=\"#\" target=\"_self\" data-type=\"url\">\n  Diskuze\n\n<\/a>\n<\/div><div class=\"bde-div-100-155 bde-div\">\n  \n\t\n\n\n\n<h1 class=\"bde-heading-100-156 bde-heading\">\nDiskuze\n<\/h1><div class=\"bde-text-100-157 bde-text\">\nV\u00edtejte na diskuzn\u00edch f\u00f3rech, kter\u00e1 se zcela a jedin\u011b v\u011bnuj\u00ed kon\u00edm.\n<\/div>\n<\/div><\/div>\n<\/section><section class=\"bde-section-100-158 bde-section\">\n  \n\t\n\n\n\n<div class=\"section-container\"><div class=\"bde-div-100-159 bde-div\">\n  \n\t\n\n\n\n<div class=\"bde-columns-100-160 bde-columns\"><div class=\"bde-column-100-161 bde-column\">\n  \n\t\n\n\n\n<div class=\"bde-div-100-227 bde-div\">\n  \n\t\n\n\n\n<div class=\"bde-text-100-228 bde-text\">\nSEZNAM F\u00d3R\n<\/div><div class=\"bde-fancy-divider-100-229 bde-fancy-divider\">\n\n\n<div class=\"bde-fancy-divider__wrapper\">\n  <div class=\"bde-fancy-divider__separator   \">\n  \t  <\/div>\n<\/div>\n\n<\/div>\n<\/div><div class=\"bde-shortcode-100-101 bde-shortcode\">\n[bbp-forum-index]\n<\/div>\n<\/div><div class=\"bde-column-100-207 bde-column\">\n  \n\t\n\n\n\n<div class=\"bde-div-100-208 bde-div\">\n  \n\t\n\n\n\n<div class=\"bde-div-100-217 bde-div\">\n  \n\t\n\n\n\n<div class=\"bde-text-100-218 bde-text\">\nAKTU\u00c1LN\u011a\n<\/div><div class=\"bde-fancy-divider-100-219 bde-fancy-divider\">\n\n\n<div class=\"bde-fancy-divider__wrapper\">\n  <div class=\"bde-fancy-divider__separator   \">\n  \t  <\/div>\n<\/div>\n\n<\/div><div class=\"bde-post-loop-100-220 bde-post-loop\">\n<div class=\"ee-posts ee-posts-\"><\/div>\n\n<\/div><div class=\"bde-button-100-221 bde-button\">\n    \n                                    \n    \n    \n    \n    \n            \n                    \n            \n            \n\n    \n    \n    \n    \n    <a class=\"breakdance-link button-atom button-atom--custom bde-button__button\" href=\"https:\/\/equichannel.200.solutions\/?page_id=161\" target=\"_self\" data-type=\"url\"  >\n\n    \n        <span class=\"button-atom__text\">Star\u0161\u00ed aktuality<\/span>\n\n        \n        \n                <\/a>\n\n    \n\n\n<\/div>\n<\/div><div class=\"bde-div-100-222 bde-div\">\n  \n\t\n\n\n\n<div class=\"bde-text-100-223 bde-text\">\nINZERCE\n<\/div><div class=\"bde-fancy-divider-100-224 bde-fancy-divider\">\n\n\n<div class=\"bde-fancy-divider__wrapper\">\n  <div class=\"bde-fancy-divider__separator   \">\n  \t  <\/div>\n<\/div>\n\n<\/div><div class=\"bde-post-loop-100-225 bde-post-loop\">\n<div class=\"ee-posts ee-posts-\">    <article class=\"ee-post\">\n        <div class=\"bde-div-302-100-601 bde-div bde-div-302-100\">\n  \n\t\n\n\n\n<div class=\"bde-columns-302-107-601 bde-columns bde-columns-302-107\"><div class=\"bde-column-302-108-601 bde-column bde-column-302-108\">\n  \n\t\n\n\n\n<a class=\"bde-container-link-302-116-601 bde-container-link bde-container-link-302-116 breakdance-link\" href=\"#\" target=\"_self\">\n  \n\t\n\n\n\n<div class=\"bde-image-302-101-601 bde-image bde-image-302-101\">\n\n  \n\n\n\n\n\n<figure class=\"breakdance-image breakdance-image--\">\n\t<div class=\"breakdance-image-container\">\n\t\t<div class=\"breakdance-image-clip\">\n\t\t\t\n\t\t\t\t\n\t\t\t\t\t      \n  \n  \n  \n  \n      \n      <img loading=\"lazy\" decoding=\"async\"\n      class=\"breakdance-image-object\"\n      src=\"data:image\/svg+xml;charset=UTF-8,%3csvg xmlns='http:\/\/www.w3.org\/2000\/svg' width='540' height='540' viewBox='0 0 140 140'%3e%3cpath d='M0 0h140v140H0z' fill='%23e5e7eb'\/%3e%3cpath d='M88 82.46H51.8v-4.52l6.74-6.74a1.13 1.13 0 011.6 0l5.23 5.23 12.76-12.77a1.13 1.13 0 011.6 0L88 71.91z' fill='%23e5e7eb'\/%3e%3cpath d='M89.48 52.32H50.29a4.52 4.52 0 00-4.52 4.52V84a4.53 4.53 0 004.52 4.52h39.19A4.52 4.52 0 0094 84V56.84a4.52 4.52 0 00-4.52-4.52zm-33.16 5.27a5.28 5.28 0 11-5.27 5.28 5.27 5.27 0 015.27-5.28zM88 82.46H51.8v-4.52l6.74-6.74a1.13 1.13 0 011.6 0l5.23 5.23 12.76-12.77a1.13 1.13 0 011.6 0L88 71.91z' fill='%23d1d5db'\/%3e%3c\/svg%3e\"\n      width=\"540\"\n      height=\"540\"\n      \n      \n          >\n  \n\n\t\t\t\t\t\n\t\t\t\t\t\t<\/div>\n\t<\/div>\n\n\t<\/figure>\n\n\n<\/div>\n\n<\/a>\n<\/div><div class=\"bde-column-302-109-601 bde-column bde-column-302-109\">\n  \n\t\n\n\n\n<a class=\"bde-text-link-302-117-601 bde-text-link bde-text-link-302-117 breakdance-link\" href=\"https:\/\/equichannel.200.solutions\/?inzerat=sul\" target=\"_self\" data-type=\"url\">\n  <h4 >\n  Hello world!\n  <\/h4>\n\n<\/a><div class=\"bde-div-302-106-601 bde-div bde-div-302-106\">\n  \n\t\n\n\n\n<ul class=\"bde-post-meta-302-103-601 bde-post-meta bde-post-meta-302-103\">\n            <li class=\"ee-postmeta-date-wrap\">\n                                                        <span class=\"ee-postmeta-date\">02.06.2025<\/span>\n                                <\/li>\n            \n<\/ul><ul class=\"bde-post-meta-302-105-601 bde-post-meta bde-post-meta-302-105\">\n            <li class=\"ee-postmeta-author-wrap\">\n                                                                            <span class=\"ee-postmeta-author\">admin<\/span>\n                                <\/li>\n            \n<\/ul>\n<\/div><a class=\"bde-text-link-302-118-601 bde-text-link bde-text-link-302-118 breakdance-link\" href=\"https:\/\/breakdance.com\/\" target=\"_self\" data-type=\"url\">\n  Text Link\n\n<\/a><div class=\"bde-fancy-divider-302-111-601 bde-fancy-divider bde-fancy-divider-302-111\">\n\n\n<div class=\"bde-fancy-divider__wrapper\">\n  <div class=\"bde-fancy-divider__separator   \">\n  \t  <\/div>\n<\/div>\n\n<\/div><div class=\"bde-div-302-120-601 bde-div bde-div-302-120\">\n  \n\t\n\n\n\n<ul class=\"bde-post-meta-302-124-601 bde-post-meta bde-post-meta-302-124\">\n\n<\/ul><ul class=\"bde-post-meta-302-112-601 bde-post-meta bde-post-meta-302-112\">\n\n<\/ul>\n<\/div>\n<\/div><\/div>\n<\/div>    <\/article>\n<\/div>\n\n<\/div><div class=\"bde-button-100-226 bde-button\">\n    \n                                    \n    \n    \n    \n    \n            \n                    \n            \n            \n\n    \n    \n    \n    \n    <a class=\"breakdance-link button-atom button-atom--custom bde-button__button\" href=\"https:\/\/equichannel.200.solutions\/?page_id=102\" target=\"_self\" data-type=\"url\"  >\n\n    \n        <span class=\"button-atom__text\">Dal\u0161\u00ed inzer\u00e1ty<\/span>\n\n        \n        \n                <\/a>\n\n    \n\n\n<\/div>\n<\/div>\n<\/div>\n<\/div><\/div>\n<\/div><\/div>\n<\/section>","protected":false},"excerpt":{"rendered":"<p>Dom\u016f Diskuze Diskuze V\u00edtejte na diskuzn\u00edch f\u00f3rech, kter\u00e1 se zcela a jedin\u011b v\u011bnuj\u00ed kon\u00edm. SEZNAM F\u00d3R [bbp-forum-index] AKTU\u00c1LN\u011a Star\u0161\u00ed aktuality INZERCE Hello world! 02.06.2025 admin Text Link Dal\u0161\u00ed inzer\u00e1ty<\/p>\n","protected":false},"author":1,"featured_media":0,"parent":0,"menu_order":0,"comment_status":"closed","ping_status":"closed","template":"","meta":{"_breakdance_hide_in_design_set":false,"_breakdance_tags":"","footnotes":""},"class_list":["post-100","page","type-page","status-publish","hentry"],"acf":[],"_links":{"self":[{"href":"https:\/\/equichannel.200.solutions\/index.php?rest_route=\/wp\/v2\/pages\/100","targetHints":{"allow":["GET"]}}],"collection":[{"href":"https:\/\/equichannel.200.solutions\/index.php?rest_route=\/wp\/v2\/pages"}],"about":[{"href":"https:\/\/equichannel.200.solutions\/index.php?rest_route=\/wp\/v2\/types\/page"}],"author":[{"embeddable":true,"href":"https:\/\/equichannel.200.solutions\/index.php?rest_route=\/wp\/v2\/users\/1"}],"replies":[{"embeddable":true,"href":"https:\/\/equichannel.200.solutions\/index.php?rest_route=%2Fwp%2Fv2%2Fcomments&post=100"}],"version-history":[{"count":15,"href":"https:\/\/equichannel.200.solutions\/index.php?rest_route=\/wp\/v2\/pages\/100\/revisions"}],"predecessor-version":[{"id":616,"href":"https:\/\/equichannel.200.solutions\/index.php?rest_route=\/wp\/v2\/pages\/100\/revisions\/616"}],"wp:attachment":[{"href":"https:\/\/equichannel.200.solutions\/index.php?rest_route=%2Fwp%2Fv2%2Fmedia&parent=100"}],"curies":[{"name":"wp","href":"https:\/\/api.w.org\/{rel}","templated":true}]}}