{"id":102,"date":"2025-05-20T12:35:12","date_gmt":"2025-05-20T12:35:12","guid":{"rendered":"https:\/\/equichannel.200.solutions\/?page_id=102"},"modified":"2025-05-31T21:46:05","modified_gmt":"2025-05-31T19:46:05","slug":"inzerce","status":"publish","type":"page","link":"https:\/\/equichannel.200.solutions\/?page_id=102","title":{"rendered":"Inzerce"},"content":{"rendered":"<section class=\"bde-section-102-100 bde-section\">\n  \n\t\n\n\n\n<div class=\"section-container\"><div class=\"bde-div-102-166 bde-div\">\n  \n\t\n\n\n\n<a class=\"bde-text-link-102-167 bde-text-link breakdance-link\" href=\"https:\/\/equichannel.200.solutions\" target=\"_self\" data-type=\"url\">\n  Dom\u016f\n\n<\/a><div class=\"bde-icon-102-168 bde-icon\">\n\n    \n            <div class=\"bde-icon-icon breakdance-icon-atom\" >\n    \n                    <svg xmlns=\"http:\/\/www.w3.org\/2000\/svg\" viewBox=\"0 0 256 512\"><!-- Font Awesome Free 5.15.1 by @fontawesome - https:\/\/fontawesome.com License - https:\/\/fontawesome.com\/license\/free (Icons: CC BY 4.0, Fonts: SIL OFL 1.1, Code: MIT License) --><path d=\"M224.3 273l-136 136c-9.4 9.4-24.6 9.4-33.9 0l-22.6-22.6c-9.4-9.4-9.4-24.6 0-33.9l96.4-96.4-96.4-96.4c-9.4-9.4-9.4-24.6 0-33.9L54.3 103c9.4-9.4 24.6-9.4 33.9 0l136 136c9.5 9.4 9.5 24.6.1 34z\"\/><\/svg>\n        \n        \n        \n            <\/div>\n    \n\n\n<\/div><a class=\"bde-text-link-102-169 bde-text-link breakdance-link\" href=\"#\" target=\"_self\" data-type=\"url\">\n  Inzerce\n\n<\/a>\n<\/div><div class=\"bde-div-102-101 bde-div\">\n  \n\t\n\n\n\n<h1 class=\"bde-heading-102-102 bde-heading\">\nInzerce\n<\/h1><div class=\"bde-div-102-164 bde-div\">\n  \n\t\n\n\n\n<div class=\"bde-icon-102-165 bde-icon\">\n\n    \n            <div class=\"bde-icon-icon breakdance-icon-atom\" >\n    \n                    <svg xmlns=\"http:\/\/www.w3.org\/2000\/svg\" width=\"16\" height=\"16\" viewBox=\"0 0 16 16\">\r\n  <g id=\"ico-question\" transform=\"translate(-0.002)\">\r\n    <g id=\"Group_42\" data-name=\"Group 42\" transform=\"translate(0.002)\">\r\n      <path id=\"Path_24\" data-name=\"Path 24\" d=\"M8,0A8.031,8.031,0,0,0,0,8a7.938,7.938,0,0,0,1.121,4.063l-1.1,3.32a.468.468,0,0,0,.593.593l3.32-1.1A7.938,7.938,0,0,0,8,16,8,8,0,1,0,8,0ZM8,14.094a1.406,1.406,0,1,1,1.406-1.406A1.408,1.408,0,0,1,8,14.094ZM9.978,7.349,8.94,8.388V9.406a.938.938,0,0,1-1.875,0V8.388a1.862,1.862,0,0,1,.549-1.326L8.652,6.024A1,1,0,0,0,8.94,5.23a.982.982,0,0,0-.981-.981.9.9,0,0,0-.894.894.938.938,0,0,1-1.875,0A2.773,2.773,0,0,1,7.959,2.375,2.859,2.859,0,0,1,10.814,5.23,2.848,2.848,0,0,1,9.978,7.349Z\" transform=\"translate(-0.002)\" fill=\"#4ca713\"\/>\r\n    <\/g>\r\n  <\/g>\r\n<\/svg>\n        \n        \n        \n            <\/div>\n    \n\n\n<\/div><a class=\"bde-text-link-102-163 bde-text-link breakdance-link\" href=\"#\" target=\"_self\" data-type=\"action\" data-action=\"{&quot;type&quot;:&quot;popup&quot;,&quot;popupOptions&quot;:{&quot;popupAction&quot;:&quot;open&quot;,&quot;popupId&quot;:&quot;554&quot;}}\">\n  Jak funguje inzerce?\n\n<\/a>\n<\/div>\n<\/div><\/div>\n<\/section><section class=\"bde-section-102-104 bde-section\">\n  \n\t\n\n\n\n<div class=\"section-container\"><div class=\"bde-div-102-105 bde-div\">\n  \n\t\n\n\n\n<div class=\"bde-columns-102-106 bde-columns\"><div class=\"bde-column-102-107 bde-column\">\n  \n\t\n\n\n\n<div class=\"bde-post-loop-102-162 bde-post-loop\">\n<div class=\"ee-posts ee-posts-\">    <div class=\"ee-post\">\n        <div class=\"bde-div-302-100-1 bde-div bde-div-302-100\">\n  \n\t\n\n\n\n<div class=\"bde-columns-302-107-1 bde-columns bde-columns-302-107\"><div class=\"bde-column-302-108-1 bde-column bde-column-302-108\">\n  \n\t\n\n\n\n<a class=\"bde-container-link-302-116-1 bde-container-link bde-container-link-302-116 breakdance-link\" href=\"#\" target=\"_self\">\n  \n\t\n\n\n\n<div class=\"bde-image-302-101-1 bde-image bde-image-302-101\">\n\n  \n\n\n\n\n\n<figure class=\"breakdance-image breakdance-image--\">\n\t<div class=\"breakdance-image-container\">\n\t\t<div class=\"breakdance-image-clip\">\n\t\t\t\n\t\t\t\t\n\t\t\t\t\t      \n  \n  \n  \n  \n      \n      <img loading=\"lazy\" decoding=\"async\"\n      class=\"breakdance-image-object\"\n      src=\"data:image\/svg+xml;charset=UTF-8,%3csvg xmlns='http:\/\/www.w3.org\/2000\/svg' width='540' height='540' viewBox='0 0 140 140'%3e%3cpath d='M0 0h140v140H0z' fill='%23e5e7eb'\/%3e%3cpath d='M88 82.46H51.8v-4.52l6.74-6.74a1.13 1.13 0 011.6 0l5.23 5.23 12.76-12.77a1.13 1.13 0 011.6 0L88 71.91z' fill='%23e5e7eb'\/%3e%3cpath d='M89.48 52.32H50.29a4.52 4.52 0 00-4.52 4.52V84a4.53 4.53 0 004.52 4.52h39.19A4.52 4.52 0 0094 84V56.84a4.52 4.52 0 00-4.52-4.52zm-33.16 5.27a5.28 5.28 0 11-5.27 5.28 5.27 5.27 0 015.27-5.28zM88 82.46H51.8v-4.52l6.74-6.74a1.13 1.13 0 011.6 0l5.23 5.23 12.76-12.77a1.13 1.13 0 011.6 0L88 71.91z' fill='%23d1d5db'\/%3e%3c\/svg%3e\"\n      width=\"540\"\n      height=\"540\"\n      \n      \n          >\n  \n\n\t\t\t\t\t\n\t\t\t\t\t\t<\/div>\n\t<\/div>\n\n\t<\/figure>\n\n\n<\/div>\n\n<\/a>\n<\/div><div class=\"bde-column-302-109-1 bde-column bde-column-302-109\">\n  \n\t\n\n\n\n<a class=\"bde-text-link-302-117-1 bde-text-link bde-text-link-302-117 breakdance-link\" href=\"https:\/\/equichannel.200.solutions\/?p=1\" target=\"_self\" data-type=\"url\">\n  <h4 >\n  Hello world!\n  <\/h4>\n\n<\/a><div class=\"bde-div-302-106-1 bde-div bde-div-302-106\">\n  \n\t\n\n\n\n<ul class=\"bde-post-meta-302-103-1 bde-post-meta bde-post-meta-302-103\">\n            <li class=\"ee-postmeta-date-wrap\">\n                                                        <span class=\"ee-postmeta-date\">19.05.2025<\/span>\n                                <\/li>\n            \n<\/ul><ul class=\"bde-post-meta-302-105-1 bde-post-meta bde-post-meta-302-105\">\n            <li class=\"ee-postmeta-author-wrap\">\n                                                                            <span class=\"ee-postmeta-author\">admin<\/span>\n                                <\/li>\n            \n<\/ul>\n<\/div><a class=\"bde-text-link-302-118-1 bde-text-link bde-text-link-302-118 breakdance-link\" href=\"https:\/\/breakdance.com\/\" target=\"_self\" data-type=\"url\">\n  Text Link\n\n<\/a><div class=\"bde-fancy-divider-302-111-1 bde-fancy-divider bde-fancy-divider-302-111\">\n\n\n<div class=\"bde-fancy-divider__wrapper\">\n  <div class=\"bde-fancy-divider__separator   \">\n  \t  <\/div>\n<\/div>\n\n<\/div><div class=\"bde-div-302-120-1 bde-div bde-div-302-120\">\n  \n\t\n\n\n\n<ul class=\"bde-post-meta-302-124-1 bde-post-meta bde-post-meta-302-124\">\n<li class=\"ee-postmeta-terms-wrap\"><div class=\"ee-postmeta-icon breakdance-icon-atom\"><svg xmlns=\"http:\/\/www.w3.org\/2000\/svg\" width=\"16.3\" height=\"16.3\" viewBox=\"0 0 16.3 16.3\"><defs><style>.a{fill:#4ca713;stroke:#fff;stroke-width:0.3px;}<\/style><\/defs><path class=\"a\" d=\"M15.375,8.781H13.281v-.25a2.438,2.438,0,0,0-4.875,0v.25H6.125a.625.625,0,0,0-.625.625v4.188a2.375,2.375,0,0,0,.294,1.156H2.5a1.179,1.179,0,0,1-1.25-1.156V4.25H4.156v.625a.625.625,0,0,0,1.25,0V4.25H7.781v.625a.625.625,0,0,0,1.25,0V4.25h3v.625a.625.625,0,0,0,1.25,0V3.625A.625.625,0,0,0,12.656,3H9.031V2.438a2.438,2.438,0,0,0-4.875,0V3H.625A.625.625,0,0,0,0,3.625v9.969A2.345,2.345,0,0,0,.748,15.33,2.554,2.554,0,0,0,2.5,16h11A2.5,2.5,0,0,0,16,13.5V9.406A.625.625,0,0,0,15.375,8.781ZM5.406,2.438a1.187,1.187,0,1,1,2.375,0V3H5.406Zm4.25,6.094a1.188,1.188,0,0,1,2.375,0v.25H9.656ZM14.75,13.5a1.251,1.251,0,0,1-1.25,1.25H8a1.179,1.179,0,0,1-1.25-1.156V10.031H8.406v.656a.625.625,0,0,0,1.25,0v-.656h2.375v.656a.625.625,0,0,0,1.25,0v-.656H14.75Z\" transform=\"translate(0.15 0.15)\"\/><\/svg><\/div><span class=\"ee-postmeta-term\"><a href=\"https:\/\/equichannel.200.solutions\/?cat=1\">Neza\u0159azen\u00e9<\/span><\/a><\/li>\n<\/ul><ul class=\"bde-post-meta-302-112-1 bde-post-meta bde-post-meta-302-112\">\n<li class=\"ee-postmeta-terms-wrap\"><div class=\"ee-postmeta-icon breakdance-icon-atom\"><svg xmlns=\"http:\/\/www.w3.org\/2000\/svg\" width=\"16\" height=\"16\" viewBox=\"0 0 16 16\"><defs><style>.a{fill:#4ca713;}<\/style><\/defs><g transform=\"translate(-2 -2)\"><g transform=\"translate(10.804 10.804)\"><path class=\"a\" d=\"M40.41,42.2H36.786A1.786,1.786,0,0,1,35,40.41V35.533A.535.535,0,0,1,35.533,35H40.41A1.786,1.786,0,0,1,42.2,36.786V40.41A1.786,1.786,0,0,1,40.41,42.2Zm-4.344-6.13V40.41a.717.717,0,0,0,.72.72H40.41a.717.717,0,0,0,.72-.72V36.786a.717.717,0,0,0-.72-.72Z\" transform=\"translate(-35 -35)\"\/><\/g><g transform=\"translate(2 10.804)\"><path class=\"a\" d=\"M7.41,42.2H3.786A1.786,1.786,0,0,1,2,40.41V36.786A1.786,1.786,0,0,1,3.786,35H8.663a.535.535,0,0,1,.533.533V40.41A1.786,1.786,0,0,1,7.41,42.2Zm-3.625-6.13a.717.717,0,0,0-.72.72V40.41a.717.717,0,0,0,.72.72H7.41a.717.717,0,0,0,.72-.72V36.066Z\" transform=\"translate(-2 -35)\"\/><\/g><g transform=\"translate(10.804 2)\"><path class=\"a\" d=\"M40.41,9.2H35.533A.535.535,0,0,1,35,8.663V3.786A1.786,1.786,0,0,1,36.786,2H40.41A1.786,1.786,0,0,1,42.2,3.786V7.41A1.786,1.786,0,0,1,40.41,9.2ZM36.066,8.13H40.41a.717.717,0,0,0,.72-.72V3.786a.717.717,0,0,0-.72-.72H36.786a.717.717,0,0,0-.72.72Z\" transform=\"translate(-35 -2)\"\/><\/g><g transform=\"translate(2 2)\"><path class=\"a\" d=\"M8.663,9.2H3.786A1.786,1.786,0,0,1,2,7.41V3.786A1.786,1.786,0,0,1,3.786,2H7.41A1.786,1.786,0,0,1,9.2,3.786V8.663A.535.535,0,0,1,8.663,9.2ZM3.786,3.066a.717.717,0,0,0-.72.72V7.41a.717.717,0,0,0,.72.72H8.13V3.786a.717.717,0,0,0-.72-.72Z\" transform=\"translate(-2 -2)\"\/><\/g><\/g><\/svg><\/div><span class=\"ee-postmeta-term\"><a href=\"https:\/\/equichannel.200.solutions\/?cat=1\">Neza\u0159azen\u00e9<\/span><\/a><\/li>\n<\/ul>\n<\/div>\n<\/div><\/div>\n<\/div>    <\/div>\n<\/div>\n\n<\/div>\n<\/div><div class=\"bde-column-102-138 bde-column\">\n  \n\t\n\n\n\n<div class=\"bde-div-102-147 bde-div\">\n  \n\t\n\n\n\n<div class=\"bde-text-102-148 bde-text\">\nAKTU\u00c1LN\u011a\n<\/div><div class=\"bde-fancy-divider-102-149 bde-fancy-divider\">\n\n\n<div class=\"bde-fancy-divider__wrapper\">\n  <div class=\"bde-fancy-divider__separator   \">\n  \t  <\/div>\n<\/div>\n\n<\/div><div class=\"bde-post-loop-102-150 bde-post-loop\">\n<div class=\"ee-posts ee-posts-\"><\/div>\n\n<\/div><div class=\"bde-button-102-151 bde-button\">\n    \n                                    \n    \n    \n    \n    \n            \n                    \n            \n            \n\n    \n    \n    \n    \n    <a class=\"breakdance-link button-atom button-atom--custom bde-button__button\" href=\"https:\/\/equichannel.200.solutions\/?page_id=161\" target=\"_self\" data-type=\"url\"  >\n\n    \n        <span class=\"button-atom__text\">Star\u0161\u00ed aktuality<\/span>\n\n        \n        \n                <\/a>\n\n    \n\n\n<\/div>\n<\/div><div class=\"bde-div-102-157 bde-div\">\n  \n\t\n\n\n\n<div class=\"bde-text-102-158 bde-text\">\nINZERCE\n<\/div><div class=\"bde-fancy-divider-102-159 bde-fancy-divider\">\n\n\n<div class=\"bde-fancy-divider__wrapper\">\n  <div class=\"bde-fancy-divider__separator   \">\n  \t  <\/div>\n<\/div>\n\n<\/div><div class=\"bde-post-loop-102-160 bde-post-loop\">\n<div class=\"ee-posts ee-posts-\">    <article class=\"ee-post\">\n        <div class=\"bde-div-302-100-601 bde-div bde-div-302-100\">\n  \n\t\n\n\n\n<div class=\"bde-columns-302-107-601 bde-columns bde-columns-302-107\"><div class=\"bde-column-302-108-601 bde-column bde-column-302-108\">\n  \n\t\n\n\n\n<a class=\"bde-container-link-302-116-601 bde-container-link bde-container-link-302-116 breakdance-link\" href=\"#\" target=\"_self\">\n  \n\t\n\n\n\n<div class=\"bde-image-302-101-601 bde-image bde-image-302-101\">\n\n  \n\n\n\n\n\n<figure class=\"breakdance-image breakdance-image--\">\n\t<div class=\"breakdance-image-container\">\n\t\t<div class=\"breakdance-image-clip\">\n\t\t\t\n\t\t\t\t\n\t\t\t\t\t      \n  \n  \n  \n  \n      \n      <img loading=\"lazy\" decoding=\"async\"\n      class=\"breakdance-image-object\"\n      src=\"data:image\/svg+xml;charset=UTF-8,%3csvg xmlns='http:\/\/www.w3.org\/2000\/svg' width='540' height='540' viewBox='0 0 140 140'%3e%3cpath d='M0 0h140v140H0z' fill='%23e5e7eb'\/%3e%3cpath d='M88 82.46H51.8v-4.52l6.74-6.74a1.13 1.13 0 011.6 0l5.23 5.23 12.76-12.77a1.13 1.13 0 011.6 0L88 71.91z' fill='%23e5e7eb'\/%3e%3cpath d='M89.48 52.32H50.29a4.52 4.52 0 00-4.52 4.52V84a4.53 4.53 0 004.52 4.52h39.19A4.52 4.52 0 0094 84V56.84a4.52 4.52 0 00-4.52-4.52zm-33.16 5.27a5.28 5.28 0 11-5.27 5.28 5.27 5.27 0 015.27-5.28zM88 82.46H51.8v-4.52l6.74-6.74a1.13 1.13 0 011.6 0l5.23 5.23 12.76-12.77a1.13 1.13 0 011.6 0L88 71.91z' fill='%23d1d5db'\/%3e%3c\/svg%3e\"\n      width=\"540\"\n      height=\"540\"\n      \n      \n          >\n  \n\n\t\t\t\t\t\n\t\t\t\t\t\t<\/div>\n\t<\/div>\n\n\t<\/figure>\n\n\n<\/div>\n\n<\/a>\n<\/div><div class=\"bde-column-302-109-601 bde-column bde-column-302-109\">\n  \n\t\n\n\n\n<a class=\"bde-text-link-302-117-601 bde-text-link bde-text-link-302-117 breakdance-link\" href=\"https:\/\/equichannel.200.solutions\/?inzerat=sul\" target=\"_self\" data-type=\"url\">\n  <h4 >\n  Hello world!\n  <\/h4>\n\n<\/a><div class=\"bde-div-302-106-601 bde-div bde-div-302-106\">\n  \n\t\n\n\n\n<ul class=\"bde-post-meta-302-103-601 bde-post-meta bde-post-meta-302-103\">\n            <li class=\"ee-postmeta-date-wrap\">\n                                                        <span class=\"ee-postmeta-date\">02.06.2025<\/span>\n                                <\/li>\n            \n<\/ul><ul class=\"bde-post-meta-302-105-601 bde-post-meta bde-post-meta-302-105\">\n            <li class=\"ee-postmeta-author-wrap\">\n                                                                            <span class=\"ee-postmeta-author\">admin<\/span>\n                                <\/li>\n            \n<\/ul>\n<\/div><a class=\"bde-text-link-302-118-601 bde-text-link bde-text-link-302-118 breakdance-link\" href=\"https:\/\/breakdance.com\/\" target=\"_self\" data-type=\"url\">\n  Text Link\n\n<\/a><div class=\"bde-fancy-divider-302-111-601 bde-fancy-divider bde-fancy-divider-302-111\">\n\n\n<div class=\"bde-fancy-divider__wrapper\">\n  <div class=\"bde-fancy-divider__separator   \">\n  \t  <\/div>\n<\/div>\n\n<\/div><div class=\"bde-div-302-120-601 bde-div bde-div-302-120\">\n  \n\t\n\n\n\n<ul class=\"bde-post-meta-302-124-601 bde-post-meta bde-post-meta-302-124\">\n\n<\/ul><ul class=\"bde-post-meta-302-112-601 bde-post-meta bde-post-meta-302-112\">\n\n<\/ul>\n<\/div>\n<\/div><\/div>\n<\/div>    <\/article>\n<\/div>\n\n<\/div><div class=\"bde-button-102-161 bde-button\">\n    \n                                    \n    \n    \n    \n    \n            \n                    \n            \n            \n\n    \n    \n    \n    \n    <a class=\"breakdance-link button-atom button-atom--custom bde-button__button\" href=\"https:\/\/equichannel.200.solutions\/?page_id=102\" target=\"_self\" data-type=\"url\"  >\n\n    \n        <span class=\"button-atom__text\">Dal\u0161\u00ed inzer\u00e1ty<\/span>\n\n        \n        \n                <\/a>\n\n    \n\n\n<\/div>\n<\/div>\n<\/div><\/div>\n<\/div><\/div>\n<\/section>","protected":false},"excerpt":{"rendered":"<p>Dom\u016f Inzerce Inzerce Jak funguje inzerce? Hello world! 19.05.2025 admin Text Link Neza\u0159azen\u00e9 Neza\u0159azen\u00e9 AKTU\u00c1LN\u011a Star\u0161\u00ed aktuality INZERCE Hello world! 02.06.2025 admin Text Link Dal\u0161\u00ed inzer\u00e1ty<\/p>\n","protected":false},"author":1,"featured_media":0,"parent":0,"menu_order":0,"comment_status":"closed","ping_status":"closed","template":"","meta":{"_breakdance_hide_in_design_set":false,"_breakdance_tags":"","footnotes":""},"class_list":["post-102","page","type-page","status-publish","hentry"],"acf":[],"_links":{"self":[{"href":"https:\/\/equichannel.200.solutions\/index.php?rest_route=\/wp\/v2\/pages\/102","targetHints":{"allow":["GET"]}}],"collection":[{"href":"https:\/\/equichannel.200.solutions\/index.php?rest_route=\/wp\/v2\/pages"}],"about":[{"href":"https:\/\/equichannel.200.solutions\/index.php?rest_route=\/wp\/v2\/types\/page"}],"author":[{"embeddable":true,"href":"https:\/\/equichannel.200.solutions\/index.php?rest_route=\/wp\/v2\/users\/1"}],"replies":[{"embeddable":true,"href":"https:\/\/equichannel.200.solutions\/index.php?rest_route=%2Fwp%2Fv2%2Fcomments&post=102"}],"version-history":[{"count":13,"href":"https:\/\/equichannel.200.solutions\/index.php?rest_route=\/wp\/v2\/pages\/102\/revisions"}],"predecessor-version":[{"id":556,"href":"https:\/\/equichannel.200.solutions\/index.php?rest_route=\/wp\/v2\/pages\/102\/revisions\/556"}],"wp:attachment":[{"href":"https:\/\/equichannel.200.solutions\/index.php?rest_route=%2Fwp%2Fv2%2Fmedia&parent=102"}],"curies":[{"name":"wp","href":"https:\/\/api.w.org\/{rel}","templated":true}]}}