{"id":104,"date":"2025-05-20T12:35:44","date_gmt":"2025-05-20T12:35:44","guid":{"rendered":"https:\/\/equichannel.200.solutions\/?page_id=104"},"modified":"2025-06-03T21:50:28","modified_gmt":"2025-06-03T19:50:28","slug":"kontakty","status":"publish","type":"page","link":"https:\/\/equichannel.200.solutions\/?page_id=104","title":{"rendered":"Kontakty"},"content":{"rendered":"<section class=\"bde-section-104-100 bde-section\">\n  \n\t\n\n\n\n<div class=\"section-container\"><div class=\"bde-div-104-227 bde-div\">\n  \n\t\n\n\n\n<a class=\"bde-text-link-104-228 bde-text-link breakdance-link\" href=\"https:\/\/equichannel.200.solutions\" target=\"_self\" data-type=\"url\">\n  Dom\u016f\n\n<\/a><div class=\"bde-icon-104-229 bde-icon\">\n\n    \n            <div class=\"bde-icon-icon breakdance-icon-atom\" >\n    \n                    <svg xmlns=\"http:\/\/www.w3.org\/2000\/svg\" viewBox=\"0 0 256 512\"><!-- Font Awesome Free 5.15.1 by @fontawesome - https:\/\/fontawesome.com License - https:\/\/fontawesome.com\/license\/free (Icons: CC BY 4.0, Fonts: SIL OFL 1.1, Code: MIT License) --><path d=\"M224.3 273l-136 136c-9.4 9.4-24.6 9.4-33.9 0l-22.6-22.6c-9.4-9.4-9.4-24.6 0-33.9l96.4-96.4-96.4-96.4c-9.4-9.4-9.4-24.6 0-33.9L54.3 103c9.4-9.4 24.6-9.4 33.9 0l136 136c9.5 9.4 9.5 24.6.1 34z\"\/><\/svg>\n        \n        \n        \n            <\/div>\n    \n\n\n<\/div><a class=\"bde-text-link-104-230 bde-text-link breakdance-link\" href=\"#\" target=\"_self\" data-type=\"url\">\n  O n\u00e1s\n\n<\/a>\n<\/div><div class=\"bde-div-104-199 bde-div\">\n  \n\t\n\n\n\n<h1 class=\"bde-heading-104-198 bde-heading\">\nO n\u00e1s\n<\/h1><div class=\"bde-text-104-200 bde-text\">\nWeb EQUICHANNEL.cz byl spu\u0161t\u011bn v roce 1997. Na\u0161\u00edm posl\u00e1n\u00edm je p\u0159in\u00e1\u0161et v\u00e1m kvalitn\u00ed nformace, roz\u0161i\u0159ovat obzory, ukazovat cesty.\n<\/div>\n<\/div><\/div>\n<\/section><section class=\"bde-section-104-126 bde-section\">\n  \n\t\n\n\n\n<div class=\"section-container\"><div class=\"bde-div-104-127 bde-div\">\n  \n\t\n\n\n\n<div class=\"bde-columns-104-128 bde-columns\"><div class=\"bde-column-104-129 bde-column\">\n  \n\t\n\n\n\n<div class=\"bde-rich-text-104-130 bde-rich-text breakdance-rich-text-styles\">\n<h2 class=\"merriweather mt-0\">O na\u0161em port\u00e1lu<\/h2>\n<p>Od roku 1998 cel\u00fdch 11 let provozovalo EQUICHANNEL.cz stejnojmenn\u00e9 ob\u010dansk\u00e9 sdru\u017een\u00ed. V pr\u016fb\u011bhu let jsme nav\u00e1zali spolupr\u00e1ci s mnoha nov\u00fdmi autory a redakcemi v \u010cech\u00e1ch i v zahrani\u010d\u00ed a tento v\u00fdvoj vy\u00fastil v roce 2005 v realizaci spole\u010dn\u00e9ho webu EQUICHANNELu a \u010dasopisu Jezdectv\u00ed. Po rozpu\u0161t\u011bn\u00ed sdru\u017een\u00ed jsme se ale rozhodli j\u00edt op\u011bt vlastn\u00ed cestou, v duchu nez\u00e1visl\u00e9ho obsahu webu, kter\u00fd se neboj\u00ed zm\u011bn v my\u0161len\u00ed, novinek ani odborn\u011bj\u0161\u00edch \u010di kontroverzn\u00edch t\u00e9mat.<\/p>\n<p>EQUICHANNEL.cz je od po\u010d\u00e1tku existence ofici\u00e1ln\u011b registrovan\u00fdm periodikem s ISSN 1213-0737.<\/p>\n<p>Certifik\u00e1t pro EQUICHANNEL.czV roce 2010 za\u0159adila N\u00e1rodn\u00ed knihovna EQUICHANNEL.cz do datab\u00e1ze sledovan\u00fdch a archivovan\u00fdch zdroj\u016f. Stali jsme se tak se sv\u00fdmi p\u016fvodn\u00edmi, na m\u00edru psan\u00fdmi \u010dl\u00e1nky, trvalou sou\u010d\u00e1st\u00ed n\u00e1rodn\u00edho kulturn\u00edho d\u011bdictv\u00ed.<\/p>\n<p>Na\u0161e \u010dinnost se neomezuje pouze na tvorbu a publikaci \u010dl\u00e1nk\u016f. Dobr\u00e9 my\u0161lenky uv\u00e1d\u00edme v \u017eivot a zaj\u00edmaj\u00ed n\u00e1s va\u0161e n\u00e1zory. Va\u0161e ot\u00e1zky \u010di starosti m\u016f\u017eeme p\u0159etavit v \u010dl\u00e1nek, u\u017eite\u010dn\u00fd v\u0161em. Ozv\u011bte se n\u00e1m! (Jak n\u00e1s kontaktovat co nejjednodu\u0161eji?)<\/p>\n<p>V roce 2008 se nov\u00fdm vydavatelem EQUICHANNELu stala Helena G\u00f6rnerov\u00e1 (viz vydavatelsk\u00e9 \u00fadaje). Obsah tohoto webu p\u0159ipravuje n\u011bkolika\u010dlenn\u00e1 redak\u010dn\u00ed rada, slo\u017een\u00e1 p\u0159\u00edmo z jezdc\u016f, chovatel\u016f a odborn\u00edk\u016f v oblasti veterin\u00e1rn\u00ed p\u00e9\u010de, v\u00fdcviku nebo nap\u0159\u00edklad etologie. (Kdo je \u010dlenem redakce?) Ta zaji\u0161\u0165uje, aby obsah byl na po\u017eadovan\u00e9 odborn\u00e9 \u00farovni, pestr\u00fd, vyv\u00e1\u017een\u00fd a hlavn\u011b p\u0159\u00ednosn\u00fd pro praktick\u00fd \u017eivot lid\u00ed kolem kon\u00ed.<\/p>\n<p>Po dvaceti letech provozu z\u016fst\u00e1v\u00e1 na\u0161e mise st\u00e1le pevn\u011b dan\u00e1. P\u0159in\u00e1\u0161et kvalitn\u00ed informace, povzbuzovat v\u00e1s k r\u016fstu - a samoz\u0159ejm\u011b - u\u017e\u00edvat si spole\u010dnosti kon\u00ed!<\/p>\n<p>D\u011bkujeme, \u017ee n\u00e1s \u010dtete! \ud83d\ude42<\/p>\n<p>\u00a0<\/p>\n<h2 id=\"inzerat\">Inzerujte u n\u00e1s<\/h2>\n<p>EQUICHANNEL.cz v\u00e1m nab\u00edz\u00ed p\u0159esn\u011b c\u00edlenou propagaci v sektoru chovu kon\u00ed a jezdectv\u00ed.<\/p>\n<p><strong>Pro maxim\u00e1ln\u00ed \u00fa\u010dinnost va\u0161\u00ed reklamy doporu\u010dujeme:<\/strong><\/p>\n<ol>\n<li>Rozmyslet si p\u0159esn\u00fd c\u00edl reklamy (zv\u00fd\u0161en\u00ed prodeje ur\u010dit\u00e9ho v\u00fdrobku, zv\u00fd\u0161en\u00ed n\u00e1v\u0161t\u011bvnosti va\u0161eho webu, upevn\u011bn\u00ed obecn\u00e9 znalosti va\u0161\u00ed zna\u010dky, z\u00edsk\u00e1n\u00ed div\u00e1k\u016f na semin\u00e1\u0159\u2026)<\/li>\n<li>Kontaktovat n\u00e1s na e-mailu inzerce@equichannel.cz s uveden\u00fdmi podrobnostmi<\/li>\n<li>Propagaci va\u0161\u00ed spole\u010dnosti a aktivit tvo\u0159\u00edme z\u00e1sadn\u011b na m\u00edru, s hlubokou znalost\u00ed na\u0161ich \u010dten\u00e1\u0159\u016f a jejich zvyklost\u00ed, kdy m\u016f\u017eeme p\u0159esn\u011b doporu\u010dit, kter\u00e1 forma reklamy se pro v\u00e1s v danou chv\u00edli hod\u00ed nejl\u00e9pe.<\/li>\n<\/ol>\n<h5>Pro\u010d si vybrat EQUICHANNEL.cz?<\/h5>\n<ol>\n<li>Jsme stabiln\u00ed a nez\u00e1visl\u00e9 periodikum, na trhu p\u016fsob\u00edme ji\u017e 20 let. Lid\u00e9 EQUICHANNEL miluj\u00ed, proto m\u00e1 od roku 1997 trvale stoupaj\u00edc\u00ed n\u00e1v\u0161t\u011bvnost.<\/li>\n<li>Poskytneme v\u00e1m podrobn\u00e9 statistiky Google Analytics pro srovn\u00e1n\u00ed s konkurenc\u00ed.<\/li>\n<li>Jsme schopni p\u0159edlo\u017eit reference spole\u010dnost\u00ed, kter\u00fdm jsme reklamou pomohli.<\/li>\n<\/ol>\n<\/div><div class=\"bde-div-104-147 bde-div\">\n  \n\t\n\n\n\n<div class=\"bde-text-104-148 bde-text\">\nChcete u n\u00e1s inzerovat? Kontaktujte n\u00e1s na:\n<\/div><div class=\"bde-div-104-149 bde-div\">\n  \n\t\n\n\n\n<div class=\"bde-text-104-150 bde-text\">\nEqui Press s.r.o.\n<\/div><div class=\"bde-div-104-151 bde-div\">\n  \n\t\n\n\n\n<div class=\"bde-text-104-152 bde-text\">\nE-mail:\n<\/div><a class=\"bde-text-link-104-160 bde-text-link breakdance-link\" href=\"mailto:inzerce@equichannel.cz?subject=&amp;body=\" target=\"_self\" data-type=\"contact\">\n  inzerce@equichannel.cz\n\n<\/a>\n<\/div><div class=\"bde-div-104-157 bde-div\">\n  \n\t\n\n\n\n<div class=\"bde-text-104-158 bde-text\">\nTel.:\n<\/div><a class=\"bde-text-link-104-159 bde-text-link breakdance-link\" href=\"tel:+420602579461\" target=\"_self\" data-type=\"contact\">\n  +420 602 579 461\n\n<\/a>\n<\/div>\n<\/div>\n<\/div><div class=\"bde-rich-text-104-186 bde-rich-text breakdance-rich-text-styles\">\n<span id=\"autori\"><h2>Auto\u0159i a redakce<\/h2><\/span>\n<\/div><div class=\"bde-div-104-161 bde-div\">\n  \n\t\n\n\n\n<div class=\"bde-grid-104-162 bde-grid\">\n  \n\t\n\n\n\n<div class=\"bde-div-104-163 bde-div\">\n  \n\t\n\n\n\n<div class=\"bde-image-104-164 bde-image\">\n  \n\n\n\n\n\n<figure class=\"breakdance-image breakdance-image--433\">\n\t<div class=\"breakdance-image-container\">\n\t\t<div class=\"breakdance-image-clip\">\n\t\t\t\n\t\t\t\t\n\t\t\t\t\t      \n  \n  \n  \n  \n      \n      <img loading=\"lazy\" decoding=\"async\"\n      class=\"breakdance-image-object\"\n      src=\"https:\/\/equichannel.200.solutions\/wp-content\/uploads\/2025\/05\/iveta-lazanska.jpg\"\n      width=\"137\"\n      height=\"137\"\n      \n      \n                                                                  >\n  \n\n\t\t\t\t\t\n\t\t\t\t\t\t<\/div>\n\t<\/div>\n\n\t<\/figure>\n\n<\/div><div class=\"bde-text-104-165 bde-text\">\nIveta Jeb\u00e1\u010dkov\u00e1-<br>La\u017eansk\u00e1\n<\/div>\n<\/div><div class=\"bde-div-104-201 bde-div\">\n  \n\t\n\n\n\n<div class=\"bde-image-104-202 bde-image\">\n  \n\n\n\n\n\n<figure class=\"breakdance-image breakdance-image--430\">\n\t<div class=\"breakdance-image-container\">\n\t\t<div class=\"breakdance-image-clip\">\n\t\t\t\n\t\t\t\t\n\t\t\t\t\t      \n  \n  \n  \n  \n      \n      <img loading=\"lazy\" decoding=\"async\"\n      class=\"breakdance-image-object\"\n      src=\"https:\/\/equichannel.200.solutions\/wp-content\/uploads\/2025\/05\/sarka-dolanska.jpg\"\n      width=\"152\"\n      height=\"152\"\n      \n      \n                                    srcset=\"https:\/\/equichannel.200.solutions\/wp-content\/uploads\/2025\/05\/sarka-dolanska.jpg 152w, https:\/\/equichannel.200.solutions\/wp-content\/uploads\/2025\/05\/sarka-dolanska-150x150.jpg 150w\"\n                                                                      >\n  \n\n\t\t\t\t\t\n\t\t\t\t\t\t<\/div>\n\t<\/div>\n\n\t<\/figure>\n\n<\/div><div class=\"bde-text-104-203 bde-text\">\n\u0160\u00e1rka Dolansk\u00e1\n<\/div>\n<\/div><div class=\"bde-div-104-213 bde-div\">\n  \n\t\n\n\n\n<div class=\"bde-image-104-214 bde-image\">\n  \n\n\n\n\n\n<figure class=\"breakdance-image breakdance-image--432\">\n\t<div class=\"breakdance-image-container\">\n\t\t<div class=\"breakdance-image-clip\">\n\t\t\t\n\t\t\t\t\n\t\t\t\t\t      \n  \n  \n  \n  \n      \n      <img loading=\"lazy\" decoding=\"async\"\n      class=\"breakdance-image-object\"\n      src=\"https:\/\/equichannel.200.solutions\/wp-content\/uploads\/2025\/05\/eva-holubcova.jpg\"\n      width=\"320\"\n      height=\"320\"\n      \n      \n                                    srcset=\"https:\/\/equichannel.200.solutions\/wp-content\/uploads\/2025\/05\/eva-holubcova.jpg 320w, https:\/\/equichannel.200.solutions\/wp-content\/uploads\/2025\/05\/eva-holubcova-300x300.jpg 300w, https:\/\/equichannel.200.solutions\/wp-content\/uploads\/2025\/05\/eva-holubcova-150x150.jpg 150w\"\n                                                                      >\n  \n\n\t\t\t\t\t\n\t\t\t\t\t\t<\/div>\n\t<\/div>\n\n\t<\/figure>\n\n<\/div><div class=\"bde-text-104-215 bde-text\">\nEva Holubcov\u00e1\n<\/div>\n<\/div><div class=\"bde-div-104-210 bde-div\">\n  \n\t\n\n\n\n<div class=\"bde-image-104-211 bde-image\">\n  \n\n\n\n\n\n<figure class=\"breakdance-image breakdance-image--429\">\n\t<div class=\"breakdance-image-container\">\n\t\t<div class=\"breakdance-image-clip\">\n\t\t\t\n\t\t\t\t\n\t\t\t\t\t      \n  \n  \n  \n  \n      \n      <img loading=\"lazy\" decoding=\"async\"\n      class=\"breakdance-image-object\"\n      src=\"https:\/\/equichannel.200.solutions\/wp-content\/uploads\/2025\/05\/martina-cerhova.jpg\"\n      width=\"81\"\n      height=\"81\"\n      \n      \n                                                                  >\n  \n\n\t\t\t\t\t\n\t\t\t\t\t\t<\/div>\n\t<\/div>\n\n\t<\/figure>\n\n<\/div><div class=\"bde-text-104-212 bde-text\">\nMartina Cerhov\u00e1\n<\/div>\n<\/div><div class=\"bde-div-104-207 bde-div\">\n  \n\t\n\n\n\n<div class=\"bde-image-104-208 bde-image\">\n  \n\n\n\n\n\n<figure class=\"breakdance-image breakdance-image--431\">\n\t<div class=\"breakdance-image-container\">\n\t\t<div class=\"breakdance-image-clip\">\n\t\t\t\n\t\t\t\t\n\t\t\t\t\t      \n  \n  \n  \n  \n      \n      <img loading=\"lazy\" decoding=\"async\"\n      class=\"breakdance-image-object\"\n      src=\"https:\/\/equichannel.200.solutions\/wp-content\/uploads\/2025\/05\/gabriela-rotova.jpg\"\n      width=\"68\"\n      height=\"67\"\n      \n      \n                                                                  >\n  \n\n\t\t\t\t\t\n\t\t\t\t\t\t<\/div>\n\t<\/div>\n\n\t<\/figure>\n\n<\/div><div class=\"bde-text-104-209 bde-text\">\nGabriela Rotov\u00e1\n<\/div>\n<\/div><div class=\"bde-div-104-204 bde-div\">\n  \n\t\n\n\n\n<div class=\"bde-image-104-205 bde-image\">\n  \n\n\n\n\n\n<figure class=\"breakdance-image breakdance-image--428\">\n\t<div class=\"breakdance-image-container\">\n\t\t<div class=\"breakdance-image-clip\">\n\t\t\t\n\t\t\t\t\n\t\t\t\t\t      \n  \n  \n  \n  \n      \n      <img loading=\"lazy\" decoding=\"async\"\n      class=\"breakdance-image-object\"\n      src=\"https:\/\/equichannel.200.solutions\/wp-content\/uploads\/2025\/05\/helena-gornerova.jpg\"\n      width=\"89\"\n      height=\"88\"\n      \n      \n                                                                  >\n  \n\n\t\t\t\t\t\n\t\t\t\t\t\t<\/div>\n\t<\/div>\n\n\t<\/figure>\n\n<\/div><div class=\"bde-text-104-206 bde-text\">\nHelena G\u00f6rnerov\u00e1\n<\/div>\n<\/div>\n<\/div>\n<\/div><div class=\"bde-rich-text-104-168 bde-rich-text breakdance-rich-text-styles\">\n<p>EQUICHANNEL by absolutn\u011b nemohl fungovat bez dlouh\u00e9 .. dlooouh\u00e9 \u0159ady jmen st\u00e1l\u00fdch autor\u016f a pomocn\u00edk\u016f. Za v\u0161echny jmenujme z posledn\u00ed doby\u00a0<strong>Helu Smutnou, M\u00ed\u0161u Burdovou, Pavla \u010cechovsk\u00e9ho<\/strong>\u00a0nebo\u00a0<strong>Filipa Tesa\u0159e<\/strong>. Diskuzn\u00edmi f\u00f3ry se potom sv\u011bdomit\u011b zab\u00fdv\u00e1 jejich moder\u00e1torka Alish. V\u0161em v\u00e1m, moc d\u011bkujeme!<\/p>\n<p><strong>Pokud m\u00e1te pocit, \u017ee m\u00e1te co \u0159\u00edct, p\u0159idejte se k n\u00e1m!<\/strong><\/p>\n<\/div><div class=\"bde-rich-text-104-169 bde-rich-text breakdance-rich-text-styles\">\n<span id=\"contact\"><h2 class=\"merriweather\">Vydavatelsk\u00e9 a kontaktn\u00ed \u00fadaje<\/h2><\/span>\n<p>EQUICHANNEL.cz je pravideln\u011b vych\u00e1zej\u00edc\u00ed magaz\u00edn, registrovan\u00fd jak s ISSN, tak u \u00daOO\u00da \u010cR.<\/p>\n<p>\u00a0<\/p>\n<p>EQUICHANNEL.CZ<\/p>\n<ol>\n<li>Vych\u00e1z\u00ed nep\u0159etr\u017eit\u011b od roku 1997<\/li>\n<li>M\u00e1 p\u0159id\u011blen\u00e9 mezin\u00e1rodn\u00ed registra\u010dn\u00ed \u010d\u00edslo periodik -\u00a0<em>ISSN 1213-0737<\/em><\/li>\n<li>Hostuje na profesion\u00e1ln\u00ed b\u00e1zi na serverech Kaora.cz<\/li>\n<\/ol>\n<div class=\"eq-card\">\u00a0<\/div>\n<\/div><div class=\"bde-div-104-170 bde-div\">\n  \n\t\n\n\n\n<div class=\"bde-text-104-171 bde-text\">\nVydavatel\n<\/div><div class=\"bde-div-104-172 bde-div\">\n  \n\t\n\n\n\n<div class=\"bde-text-104-173 bde-text\">\nEqui Press s.r.o.\n<\/div><div class=\"bde-div-104-174 bde-div\">\n  \n\t\n\n\n\n<div class=\"bde-text-104-175 bde-text\">\nRozko\u0161n\u00e9ho 1058\/3, Praha 5 Sm\u00edchov, 150 00<br>I\u010cO: 08132631<br>DI\u010c: CZ08132631<br>pl\u00e1tce DPH<br><br>Registrace u \u00da\u0159adu na ochranu osobn\u00edch \u00fadaj\u016f pod \u010d. 00037377\n<\/div>\n<\/div><a class=\"bde-text-link-104-179 bde-text-link breakdance-link\" href=\"https:\/\/or.justice.cz\/ias\/ui\/rejstrik-firma.vysledky?subjektId=1049650&amp;typ=UPLNY\" target=\"_blank\" data-type=\"url\">\n  Obchodn\u00ed rejst\u0159\u00edk\n\n<\/a>\n<\/div>\n<\/div><div class=\"bde-text-104-180 bde-text\">\nChcete-li na\u0161\u00ed redakci cokoliv vzk\u00e1zat, zde je prostor pro rychl\u00e9 odesl\u00e1n\u00ed zpr\u00e1vy p\u0159\u00edmo z webu. Informujte n\u00e1s o novink\u00e1ch ve va\u0161em okol\u00ed, o zaj\u00edmav\u00fdch lidech a ov\u0161em, co se v\u00e1s a va\u0161eho sou\u017eit\u00ed s ko\u0148mi dot\u00fdk\u00e1. Va\u0161e n\u00e1m\u011bty v\u00edt\u00e1me a d\u011bkujeme za n\u011b.\n<\/div><a class=\"bde-text-link-104-182 bde-text-link breakdance-link\" href=\"https:\/\/or.justice.cz\/ias\/ui\/rejstrik-firma.vysledky?subjektId=1049650&amp;typ=UPLNY\" target=\"_blank\" data-type=\"url\">\n  info@equichannel.cz\n\n<\/a><div class=\"bde-rich-text-104-185 bde-rich-text breakdance-rich-text-styles\">\n<h2>Kontaktn\u00ed formul\u00e1\u0159<\/h2>\n<\/div><div class=\"bde-shortcode-104-183 bde-shortcode\">\n\n<div class=\"wpcf7 no-js\" id=\"wpcf7-f333-o1\" lang=\"en-US\" dir=\"ltr\" data-wpcf7-id=\"333\">\n<div class=\"screen-reader-response\"><p role=\"status\" aria-live=\"polite\" aria-atomic=\"true\"><\/p> <ul><\/ul><\/div>\n<form action=\"\/index.php?rest_route=%2Fwp%2Fv2%2Fpages%2F104#wpcf7-f333-o1\" method=\"post\" class=\"wpcf7-form init\" aria-label=\"Contact form\" novalidate=\"novalidate\" data-status=\"init\">\n<div style=\"display: none;\">\n<input type=\"hidden\" name=\"_wpcf7\" value=\"333\" \/>\n<input type=\"hidden\" name=\"_wpcf7_version\" value=\"6.0.6\" \/>\n<input type=\"hidden\" name=\"_wpcf7_locale\" value=\"en_US\" \/>\n<input type=\"hidden\" name=\"_wpcf7_unit_tag\" value=\"wpcf7-f333-o1\" \/>\n<input type=\"hidden\" name=\"_wpcf7_container_post\" value=\"0\" \/>\n<input type=\"hidden\" name=\"_wpcf7_posted_data_hash\" value=\"\" \/>\n<\/div>\n<div style=\"display:flex;flex-direction:flex-row; gap:20px\">\n\t<p><label><br \/>\n<span class=\"wpcf7-form-control-wrap\" data-name=\"your-name\"><input size=\"40\" maxlength=\"400\" class=\"wpcf7-form-control wpcf7-text wpcf7-validates-as-required\" autocomplete=\"name\" aria-required=\"true\" aria-invalid=\"false\" placeholder=\"Jm\u00e9no a p\u0159\u00edjmen\u00ed\" value=\"\" type=\"text\" name=\"your-name\" \/><\/span> <\/label>\n\t<\/p>\n\t<p><label><br \/>\n<span class=\"wpcf7-form-control-wrap\" data-name=\"your-email\"><input size=\"40\" maxlength=\"400\" class=\"wpcf7-form-control wpcf7-email wpcf7-validates-as-required wpcf7-text wpcf7-validates-as-email\" autocomplete=\"email\" aria-required=\"true\" aria-invalid=\"false\" placeholder=\"E-mailov\u00e1 adresa\" value=\"\" type=\"email\" name=\"your-email\" \/><\/span> <\/label>\n\t<\/p>\n<\/div>\n<p><label class=\"message\"><br \/>\n<span class=\"wpcf7-form-control-wrap\" data-name=\"your-message\"><input size=\"40\" maxlength=\"400\" class=\"wpcf7-form-control wpcf7-text wpcf7-validates-as-required\" aria-required=\"true\" aria-invalid=\"false\" placeholder=\"Zpr\u00e1va\" value=\"\" type=\"text\" name=\"your-message\" \/><\/span> <\/label>\n<\/p>\n<p>Odesl\u00e1n\u00edm souhlas\u00edm se <a href=\"https:\/\/equichannel.200.solutions\/?page_id=106\">zpracov\u00e1n\u00edm osobn\u00edch \u00fadaj\u016f.<\/a>\n<\/p>\n<p><input class=\"wpcf7-form-control wpcf7-submit has-spinner\" type=\"submit\" value=\"Odeslat\" \/>\n<\/p><div class=\"wpcf7-response-output\" aria-hidden=\"true\"><\/div>\n<\/form>\n<\/div>\n\n<\/div>\n<\/div><div class=\"bde-column-104-131 bde-column\">\n  \n\t\n\n\n\n<div class=\"bde-div-104-216 bde-div\">\n  \n\t\n\n\n\n<div class=\"bde-div-104-132 bde-div\">\n  \n\t\n\n\n\n<div class=\"bde-text-104-133 bde-text\">\nOBSAH\n<\/div><div class=\"bde-fancy-divider-104-134 bde-fancy-divider\">\n\n\n<div class=\"bde-fancy-divider__wrapper\">\n  <div class=\"bde-fancy-divider__separator   \">\n  \t  <\/div>\n<\/div>\n\n<\/div><div class=\"bde-div-104-196 bde-div\">\n  \n\t\n\n\n\n<a class=\"bde-text-link-104-192 bde-text-link breakdance-link\" href=\"#portal\" target=\"_self\" data-type=\"url\">\n  O na\u0161em port\u00e1lu\n\n<\/a><a class=\"bde-text-link-104-195 bde-text-link breakdance-link\" href=\"#inzerat\" target=\"_self\" data-type=\"url\">\n  Inzerujte u n\u00e1s\n\n<\/a><a class=\"bde-text-link-104-194 bde-text-link breakdance-link\" href=\"#autori\" target=\"_self\" data-type=\"url\">\n  Auto\u0159i a redakce\n\n<\/a><a class=\"bde-text-link-104-193 bde-text-link breakdance-link\" href=\"#contact\" target=\"_self\" data-type=\"url\">\n  Vydavatelsk\u00e9 a kontaktn\u00ed \u00fadaje\n\n<\/a>\n<\/div>\n<\/div><div class=\"bde-div-104-217 bde-div\">\n  \n\t\n\n\n\n<div class=\"bde-text-104-218 bde-text\">\nAKTU\u00c1LN\u011a\n<\/div><div class=\"bde-fancy-divider-104-219 bde-fancy-divider\">\n\n\n<div class=\"bde-fancy-divider__wrapper\">\n  <div class=\"bde-fancy-divider__separator   \">\n  \t  <\/div>\n<\/div>\n\n<\/div><div class=\"bde-post-loop-104-220 bde-post-loop\">\n<div class=\"ee-posts ee-posts-\"><\/div>\n\n<\/div><div class=\"bde-button-104-221 bde-button\">\n    \n                                    \n    \n    \n    \n    \n            \n                    \n            \n            \n\n    \n    \n    \n    \n    <a class=\"breakdance-link button-atom button-atom--custom bde-button__button\" href=\"https:\/\/equichannel.200.solutions\/?page_id=161\" target=\"_self\" data-type=\"url\"  >\n\n    \n        <span class=\"button-atom__text\">Star\u0161\u00ed aktuality<\/span>\n\n        \n        \n                <\/a>\n\n    \n\n\n<\/div>\n<\/div><div class=\"bde-div-104-222 bde-div\">\n  \n\t\n\n\n\n<div class=\"bde-text-104-223 bde-text\">\nINZERCE\n<\/div><div class=\"bde-fancy-divider-104-224 bde-fancy-divider\">\n\n\n<div class=\"bde-fancy-divider__wrapper\">\n  <div class=\"bde-fancy-divider__separator   \">\n  \t  <\/div>\n<\/div>\n\n<\/div><div class=\"bde-post-loop-104-225 bde-post-loop\">\n<div class=\"ee-posts ee-posts-\">    <article class=\"ee-post\">\n        <div class=\"bde-div-302-100-601 bde-div bde-div-302-100\">\n  \n\t\n\n\n\n<div class=\"bde-columns-302-107-601 bde-columns bde-columns-302-107\"><div class=\"bde-column-302-108-601 bde-column bde-column-302-108\">\n  \n\t\n\n\n\n<a class=\"bde-container-link-302-116-601 bde-container-link bde-container-link-302-116 breakdance-link\" href=\"#\" target=\"_self\">\n  \n\t\n\n\n\n<div class=\"bde-image-302-101-601 bde-image bde-image-302-101\">\n\n  \n\n\n\n\n\n<figure class=\"breakdance-image breakdance-image--\">\n\t<div class=\"breakdance-image-container\">\n\t\t<div class=\"breakdance-image-clip\">\n\t\t\t\n\t\t\t\t\n\t\t\t\t\t      \n  \n  \n  \n  \n      \n      <img loading=\"lazy\" decoding=\"async\"\n      class=\"breakdance-image-object\"\n      src=\"data:image\/svg+xml;charset=UTF-8,%3csvg xmlns='http:\/\/www.w3.org\/2000\/svg' width='540' height='540' viewBox='0 0 140 140'%3e%3cpath d='M0 0h140v140H0z' fill='%23e5e7eb'\/%3e%3cpath d='M88 82.46H51.8v-4.52l6.74-6.74a1.13 1.13 0 011.6 0l5.23 5.23 12.76-12.77a1.13 1.13 0 011.6 0L88 71.91z' fill='%23e5e7eb'\/%3e%3cpath d='M89.48 52.32H50.29a4.52 4.52 0 00-4.52 4.52V84a4.53 4.53 0 004.52 4.52h39.19A4.52 4.52 0 0094 84V56.84a4.52 4.52 0 00-4.52-4.52zm-33.16 5.27a5.28 5.28 0 11-5.27 5.28 5.27 5.27 0 015.27-5.28zM88 82.46H51.8v-4.52l6.74-6.74a1.13 1.13 0 011.6 0l5.23 5.23 12.76-12.77a1.13 1.13 0 011.6 0L88 71.91z' fill='%23d1d5db'\/%3e%3c\/svg%3e\"\n      width=\"540\"\n      height=\"540\"\n      \n      \n          >\n  \n\n\t\t\t\t\t\n\t\t\t\t\t\t<\/div>\n\t<\/div>\n\n\t<\/figure>\n\n\n<\/div>\n\n<\/a>\n<\/div><div class=\"bde-column-302-109-601 bde-column bde-column-302-109\">\n  \n\t\n\n\n\n<a class=\"bde-text-link-302-117-601 bde-text-link bde-text-link-302-117 breakdance-link\" href=\"https:\/\/equichannel.200.solutions\/?inzerat=sul\" target=\"_self\" data-type=\"url\">\n  <h4 >\n  Hello world!\n  <\/h4>\n\n<\/a><div class=\"bde-div-302-106-601 bde-div bde-div-302-106\">\n  \n\t\n\n\n\n<ul class=\"bde-post-meta-302-103-601 bde-post-meta bde-post-meta-302-103\">\n            <li class=\"ee-postmeta-date-wrap\">\n                                                        <span class=\"ee-postmeta-date\">02.06.2025<\/span>\n                                <\/li>\n            \n<\/ul><ul class=\"bde-post-meta-302-105-601 bde-post-meta bde-post-meta-302-105\">\n            <li class=\"ee-postmeta-author-wrap\">\n                                                                            <span class=\"ee-postmeta-author\">admin<\/span>\n                                <\/li>\n            \n<\/ul>\n<\/div><a class=\"bde-text-link-302-118-601 bde-text-link bde-text-link-302-118 breakdance-link\" href=\"https:\/\/breakdance.com\/\" target=\"_self\" data-type=\"url\">\n  Text Link\n\n<\/a><div class=\"bde-fancy-divider-302-111-601 bde-fancy-divider bde-fancy-divider-302-111\">\n\n\n<div class=\"bde-fancy-divider__wrapper\">\n  <div class=\"bde-fancy-divider__separator   \">\n  \t  <\/div>\n<\/div>\n\n<\/div><div class=\"bde-div-302-120-601 bde-div bde-div-302-120\">\n  \n\t\n\n\n\n<ul class=\"bde-post-meta-302-124-601 bde-post-meta bde-post-meta-302-124\">\n\n<\/ul><ul class=\"bde-post-meta-302-112-601 bde-post-meta bde-post-meta-302-112\">\n\n<\/ul>\n<\/div>\n<\/div><\/div>\n<\/div>    <\/article>\n<\/div>\n\n<\/div><div class=\"bde-button-104-226 bde-button\">\n    \n                                    \n    \n    \n    \n    \n            \n                    \n            \n            \n\n    \n    \n    \n    \n    <a class=\"breakdance-link button-atom button-atom--custom bde-button__button\" href=\"https:\/\/equichannel.200.solutions\/?page_id=102\" target=\"_self\" data-type=\"url\"  >\n\n    \n        <span class=\"button-atom__text\">Dal\u0161\u00ed inzer\u00e1ty<\/span>\n\n        \n        \n                <\/a>\n\n    \n\n\n<\/div>\n<\/div>\n<\/div>\n<\/div><\/div>\n<\/div><\/div>\n<\/section>","protected":false},"excerpt":{"rendered":"<p>Dom\u016f O n\u00e1s O n\u00e1s Web EQUICHANNEL.cz byl spu\u0161t\u011bn v roce 1997. Na\u0161\u00edm posl\u00e1n\u00edm je p\u0159in\u00e1\u0161et v\u00e1m kvalitn\u00ed nformace, roz\u0161i\u0159ovat obzory, ukazovat cesty. O na\u0161em port\u00e1lu Od roku 1998 cel\u00fdch 11 let provozovalo EQUICHANNEL.cz stejnojmenn\u00e9 ob\u010dansk\u00e9 sdru\u017een\u00ed. V pr\u016fb\u011bhu let jsme nav\u00e1zali spolupr\u00e1ci s mnoha nov\u00fdmi autory a redakcemi v \u010cech\u00e1ch i v zahrani\u010d\u00ed a [&hellip;]<\/p>\n","protected":false},"author":1,"featured_media":0,"parent":0,"menu_order":0,"comment_status":"closed","ping_status":"closed","template":"","meta":{"_breakdance_hide_in_design_set":false,"_breakdance_tags":"","footnotes":""},"class_list":["post-104","page","type-page","status-publish","hentry"],"acf":[],"_links":{"self":[{"href":"https:\/\/equichannel.200.solutions\/index.php?rest_route=\/wp\/v2\/pages\/104","targetHints":{"allow":["GET"]}}],"collection":[{"href":"https:\/\/equichannel.200.solutions\/index.php?rest_route=\/wp\/v2\/pages"}],"about":[{"href":"https:\/\/equichannel.200.solutions\/index.php?rest_route=\/wp\/v2\/types\/page"}],"author":[{"embeddable":true,"href":"https:\/\/equichannel.200.solutions\/index.php?rest_route=\/wp\/v2\/users\/1"}],"replies":[{"embeddable":true,"href":"https:\/\/equichannel.200.solutions\/index.php?rest_route=%2Fwp%2Fv2%2Fcomments&post=104"}],"version-history":[{"count":68,"href":"https:\/\/equichannel.200.solutions\/index.php?rest_route=\/wp\/v2\/pages\/104\/revisions"}],"predecessor-version":[{"id":561,"href":"https:\/\/equichannel.200.solutions\/index.php?rest_route=\/wp\/v2\/pages\/104\/revisions\/561"}],"wp:attachment":[{"href":"https:\/\/equichannel.200.solutions\/index.php?rest_route=%2Fwp%2Fv2%2Fmedia&parent=104"}],"curies":[{"name":"wp","href":"https:\/\/api.w.org\/{rel}","templated":true}]}}