{"id":161,"date":"2025-05-21T19:07:19","date_gmt":"2025-05-21T19:07:19","guid":{"rendered":"https:\/\/equichannel.200.solutions\/?page_id=161"},"modified":"2025-05-29T11:03:03","modified_gmt":"2025-05-29T09:03:03","slug":"clanky","status":"publish","type":"page","link":"https:\/\/equichannel.200.solutions\/?page_id=161","title":{"rendered":"\u010cl\u00e1nky"},"content":{"rendered":"<section class=\"bde-section-161-100 bde-section\">\n  \n\t\n\n\n\n<div class=\"section-container\"><div class=\"bde-div-161-101 bde-div\">\n  \n\t\n\n\n\n<a class=\"bde-text-link-161-102 bde-text-link breakdance-link\" href=\"https:\/\/equichannel.200.solutions\" target=\"_self\" data-type=\"url\">\n  Dom\u016f\n\n<\/a><div class=\"bde-icon-161-103 bde-icon\">\n\n    \n            <div class=\"bde-icon-icon breakdance-icon-atom\" >\n    \n                    <svg xmlns=\"http:\/\/www.w3.org\/2000\/svg\" viewBox=\"0 0 256 512\"><!-- Font Awesome Free 5.15.1 by @fontawesome - https:\/\/fontawesome.com License - https:\/\/fontawesome.com\/license\/free (Icons: CC BY 4.0, Fonts: SIL OFL 1.1, Code: MIT License) --><path d=\"M224.3 273l-136 136c-9.4 9.4-24.6 9.4-33.9 0l-22.6-22.6c-9.4-9.4-9.4-24.6 0-33.9l96.4-96.4-96.4-96.4c-9.4-9.4-9.4-24.6 0-33.9L54.3 103c9.4-9.4 24.6-9.4 33.9 0l136 136c9.5 9.4 9.5 24.6.1 34z\"\/><\/svg>\n        \n        \n        \n            <\/div>\n    \n\n\n<\/div><a class=\"bde-text-link-161-104 bde-text-link breakdance-link\" href=\"#\" target=\"_self\" data-type=\"url\">\n  \u010cl\u00e1nky\n\n<\/a>\n<\/div><div class=\"bde-div-161-105 bde-div\">\n  \n\t\n\n\n\n<h1 class=\"bde-heading-161-106 bde-heading\">\n\u010cl\u00e1nky\n<\/h1><div class=\"bde-text-161-107 bde-text\">\nZde vid\u00edte seznam v\u0161ech \u010dl\u00e1nk\u016f.\n<\/div>\n<\/div><div class=\"bde-div-161-108 bde-div\">\n  \n\t\n\n\n\n<div class=\"bde-text-161-109 bde-text\">\n\u010cl\u00e1nky podle oboru:\n<\/div><ul class=\"bde-post-meta-161-110 bde-post-meta\">\n\n<\/ul>\n<\/div><\/div>\n<\/section><section class=\"bde-section-161-111 bde-section\">\n  \n\t\n\n\n\n<div class=\"section-container\"><div class=\"bde-div-161-112 bde-div\">\n  \n\t\n\n\n\n<div class=\"bde-columns-161-113 bde-columns\"><div class=\"bde-column-161-114 bde-column\">\n  \n\t\n\n\n\n<div class=\"bde-post-loop-161-115 bde-post-loop\">\n<div class=\"ee-posts ee-posts-\">    <div class=\"ee-post\">\n        <div class=\"bde-div-90-100-1 bde-div bde-div-90-100\">\n  \n\t\n\n\n\n<div class=\"bde-columns-90-107-1 bde-columns bde-columns-90-107\"><div class=\"bde-column-90-108-1 bde-column bde-column-90-108\">\n  \n\t\n\n\n\n<a class=\"bde-container-link-90-116-1 bde-container-link bde-container-link-90-116 breakdance-link\" href=\"#\" target=\"_self\">\n  \n\t\n\n\n\n<div class=\"bde-image-90-101-1 bde-image bde-image-90-101\">\n\n  \n\n\n\n\n\n<figure class=\"breakdance-image breakdance-image--\">\n\t<div class=\"breakdance-image-container\">\n\t\t<div class=\"breakdance-image-clip\">\n\t\t\t\n\t\t\t\t\n\t\t\t\t\t      \n  \n  \n  \n  \n      \n      <img loading=\"lazy\" decoding=\"async\"\n      class=\"breakdance-image-object\"\n      src=\"data:image\/svg+xml;charset=UTF-8,%3csvg xmlns='http:\/\/www.w3.org\/2000\/svg' width='540' height='540' viewBox='0 0 140 140'%3e%3cpath d='M0 0h140v140H0z' fill='%23e5e7eb'\/%3e%3cpath d='M88 82.46H51.8v-4.52l6.74-6.74a1.13 1.13 0 011.6 0l5.23 5.23 12.76-12.77a1.13 1.13 0 011.6 0L88 71.91z' fill='%23e5e7eb'\/%3e%3cpath d='M89.48 52.32H50.29a4.52 4.52 0 00-4.52 4.52V84a4.53 4.53 0 004.52 4.52h39.19A4.52 4.52 0 0094 84V56.84a4.52 4.52 0 00-4.52-4.52zm-33.16 5.27a5.28 5.28 0 11-5.27 5.28 5.27 5.27 0 015.27-5.28zM88 82.46H51.8v-4.52l6.74-6.74a1.13 1.13 0 011.6 0l5.23 5.23 12.76-12.77a1.13 1.13 0 011.6 0L88 71.91z' fill='%23d1d5db'\/%3e%3c\/svg%3e\"\n      width=\"540\"\n      height=\"540\"\n      \n      \n          >\n  \n\n\t\t\t\t\t\n\t\t\t\t\t\t<\/div>\n\t<\/div>\n\n\t<\/figure>\n\n\n<\/div>\n\n<\/a>\n<\/div><div class=\"bde-column-90-109-1 bde-column bde-column-90-109\">\n  \n\t\n\n\n\n<a class=\"bde-text-link-90-117-1 bde-text-link bde-text-link-90-117 breakdance-link\" href=\"https:\/\/equichannel.200.solutions\/?p=1\" target=\"_self\" data-type=\"url\">\n  <h4 >\n  Hello world!\n  <\/h4>\n\n<\/a><div class=\"bde-div-90-106-1 bde-div bde-div-90-106\">\n  \n\t\n\n\n\n<ul class=\"bde-post-meta-90-103-1 bde-post-meta bde-post-meta-90-103\">\n            <li class=\"ee-postmeta-date-wrap\">\n                                                        <span class=\"ee-postmeta-date\">19.05.2025<\/span>\n                                <\/li>\n            \n<\/ul><ul class=\"bde-post-meta-90-105-1 bde-post-meta bde-post-meta-90-105\">\n            <li class=\"ee-postmeta-author-wrap\">\n                                                                            <span class=\"ee-postmeta-author\">admin<\/span>\n                                <\/li>\n            \n<\/ul>\n<\/div><a class=\"bde-text-link-90-118-1 bde-text-link bde-text-link-90-118 breakdance-link\" href=\"https:\/\/breakdance.com\/\" target=\"_self\" data-type=\"url\">\n  <p>Welcome to WordPress. This is your first post. Edit or delete it, then start writing!<\/p>\n\n\n<\/a><div class=\"bde-fancy-divider-90-111-1 bde-fancy-divider bde-fancy-divider-90-111\">\n\n\n<div class=\"bde-fancy-divider__wrapper\">\n  <div class=\"bde-fancy-divider__separator   \">\n  \t  <\/div>\n<\/div>\n\n<\/div><div class=\"bde-div-90-113-1 bde-div bde-div-90-113\">\n  \n\t\n\n\n\n<div class=\"bde-icon-90-114-1 bde-icon bde-icon-90-114\">\n\n    \n            <div class=\"bde-icon-icon breakdance-icon-atom\" >\n    \n                    <svg xmlns=\"http:\/\/www.w3.org\/2000\/svg\" width=\"16\" height=\"16\" viewBox=\"0 0 16 16\"><defs><style>.a{fill:#4ca713;}<\/style><\/defs><g transform=\"translate(-2 -2)\"><g transform=\"translate(10.804 10.804)\"><path class=\"a\" d=\"M40.41,42.2H36.786A1.786,1.786,0,0,1,35,40.41V35.533A.535.535,0,0,1,35.533,35H40.41A1.786,1.786,0,0,1,42.2,36.786V40.41A1.786,1.786,0,0,1,40.41,42.2Zm-4.344-6.13V40.41a.717.717,0,0,0,.72.72H40.41a.717.717,0,0,0,.72-.72V36.786a.717.717,0,0,0-.72-.72Z\" transform=\"translate(-35 -35)\"\/><\/g><g transform=\"translate(2 10.804)\"><path class=\"a\" d=\"M7.41,42.2H3.786A1.786,1.786,0,0,1,2,40.41V36.786A1.786,1.786,0,0,1,3.786,35H8.663a.535.535,0,0,1,.533.533V40.41A1.786,1.786,0,0,1,7.41,42.2Zm-3.625-6.13a.717.717,0,0,0-.72.72V40.41a.717.717,0,0,0,.72.72H7.41a.717.717,0,0,0,.72-.72V36.066Z\" transform=\"translate(-2 -35)\"\/><\/g><g transform=\"translate(10.804 2)\"><path class=\"a\" d=\"M40.41,9.2H35.533A.535.535,0,0,1,35,8.663V3.786A1.786,1.786,0,0,1,36.786,2H40.41A1.786,1.786,0,0,1,42.2,3.786V7.41A1.786,1.786,0,0,1,40.41,9.2ZM36.066,8.13H40.41a.717.717,0,0,0,.72-.72V3.786a.717.717,0,0,0-.72-.72H36.786a.717.717,0,0,0-.72.72Z\" transform=\"translate(-35 -2)\"\/><\/g><g transform=\"translate(2 2)\"><path class=\"a\" d=\"M8.663,9.2H3.786A1.786,1.786,0,0,1,2,7.41V3.786A1.786,1.786,0,0,1,3.786,2H7.41A1.786,1.786,0,0,1,9.2,3.786V8.663A.535.535,0,0,1,8.663,9.2ZM3.786,3.066a.717.717,0,0,0-.72.72V7.41a.717.717,0,0,0,.72.72H8.13V3.786a.717.717,0,0,0-.72-.72Z\" transform=\"translate(-2 -2)\"\/><\/g><\/g><\/svg>\n        \n        \n        \n            <\/div>\n    \n\n\n<\/div><ul class=\"bde-post-meta-90-112-1 bde-post-meta bde-post-meta-90-112\">\n<li class=\"ee-postmeta-terms-wrap\"><span class=\"ee-postmeta-term\"><a href=\"https:\/\/equichannel.200.solutions\/?cat=1\">Neza\u0159azen\u00e9<\/span><\/a><\/li>\n<\/ul>\n<\/div>\n<\/div><\/div>\n<\/div>    <\/div>\n<\/div>\n\n<\/div>\n<\/div><div class=\"bde-column-161-116 bde-column\">\n  \n\t\n\n\n\n<div class=\"bde-div-161-117 bde-div\">\n  \n\t\n\n\n\n<div class=\"bde-text-161-118 bde-text\">\nAKTU\u00c1LN\u011a\n<\/div><div class=\"bde-fancy-divider-161-119 bde-fancy-divider\">\n\n\n<div class=\"bde-fancy-divider__wrapper\">\n  <div class=\"bde-fancy-divider__separator   \">\n  \t  <\/div>\n<\/div>\n\n<\/div><div class=\"bde-post-loop-161-120 bde-post-loop\">\n<div class=\"ee-posts ee-posts-\"><\/div>\n\n<\/div><div class=\"bde-button-161-121 bde-button\">\n    \n                                    \n    \n    \n    \n    \n            \n                    \n            \n            \n\n    \n    \n    \n    \n    <a class=\"breakdance-link button-atom button-atom--custom bde-button__button\" href=\"https:\/\/equichannel.200.solutions\/?page_id=161\" target=\"_self\" data-type=\"url\"  >\n\n    \n        <span class=\"button-atom__text\">Star\u0161\u00ed aktuality<\/span>\n\n        \n        \n                <\/a>\n\n    \n\n\n<\/div>\n<\/div><div class=\"bde-div-161-122 bde-div\">\n  \n\t\n\n\n\n<div class=\"bde-text-161-123 bde-text\">\nINZERCE\n<\/div><div class=\"bde-fancy-divider-161-124 bde-fancy-divider\">\n\n\n<div class=\"bde-fancy-divider__wrapper\">\n  <div class=\"bde-fancy-divider__separator   \">\n  \t  <\/div>\n<\/div>\n\n<\/div><div class=\"bde-post-loop-161-125 bde-post-loop\">\n<div class=\"ee-posts ee-posts-\">    <article class=\"ee-post\">\n        <div class=\"bde-div-302-100-601 bde-div bde-div-302-100\">\n  \n\t\n\n\n\n<div class=\"bde-columns-302-107-601 bde-columns bde-columns-302-107\"><div class=\"bde-column-302-108-601 bde-column bde-column-302-108\">\n  \n\t\n\n\n\n<a class=\"bde-container-link-302-116-601 bde-container-link bde-container-link-302-116 breakdance-link\" href=\"#\" target=\"_self\">\n  \n\t\n\n\n\n<div class=\"bde-image-302-101-601 bde-image bde-image-302-101\">\n\n  \n\n\n\n\n\n<figure class=\"breakdance-image breakdance-image--\">\n\t<div class=\"breakdance-image-container\">\n\t\t<div class=\"breakdance-image-clip\">\n\t\t\t\n\t\t\t\t\n\t\t\t\t\t      \n  \n  \n  \n  \n      \n      <img loading=\"lazy\" decoding=\"async\"\n      class=\"breakdance-image-object\"\n      src=\"data:image\/svg+xml;charset=UTF-8,%3csvg xmlns='http:\/\/www.w3.org\/2000\/svg' width='540' height='540' viewBox='0 0 140 140'%3e%3cpath d='M0 0h140v140H0z' fill='%23e5e7eb'\/%3e%3cpath d='M88 82.46H51.8v-4.52l6.74-6.74a1.13 1.13 0 011.6 0l5.23 5.23 12.76-12.77a1.13 1.13 0 011.6 0L88 71.91z' fill='%23e5e7eb'\/%3e%3cpath d='M89.48 52.32H50.29a4.52 4.52 0 00-4.52 4.52V84a4.53 4.53 0 004.52 4.52h39.19A4.52 4.52 0 0094 84V56.84a4.52 4.52 0 00-4.52-4.52zm-33.16 5.27a5.28 5.28 0 11-5.27 5.28 5.27 5.27 0 015.27-5.28zM88 82.46H51.8v-4.52l6.74-6.74a1.13 1.13 0 011.6 0l5.23 5.23 12.76-12.77a1.13 1.13 0 011.6 0L88 71.91z' fill='%23d1d5db'\/%3e%3c\/svg%3e\"\n      width=\"540\"\n      height=\"540\"\n      \n      \n          >\n  \n\n\t\t\t\t\t\n\t\t\t\t\t\t<\/div>\n\t<\/div>\n\n\t<\/figure>\n\n\n<\/div>\n\n<\/a>\n<\/div><div class=\"bde-column-302-109-601 bde-column bde-column-302-109\">\n  \n\t\n\n\n\n<a class=\"bde-text-link-302-117-601 bde-text-link bde-text-link-302-117 breakdance-link\" href=\"https:\/\/equichannel.200.solutions\/?inzerat=sul\" target=\"_self\" data-type=\"url\">\n  <h4 >\n  Hello world!\n  <\/h4>\n\n<\/a><div class=\"bde-div-302-106-601 bde-div bde-div-302-106\">\n  \n\t\n\n\n\n<ul class=\"bde-post-meta-302-103-601 bde-post-meta bde-post-meta-302-103\">\n            <li class=\"ee-postmeta-date-wrap\">\n                                                        <span class=\"ee-postmeta-date\">02.06.2025<\/span>\n                                <\/li>\n            \n<\/ul><ul class=\"bde-post-meta-302-105-601 bde-post-meta bde-post-meta-302-105\">\n            <li class=\"ee-postmeta-author-wrap\">\n                                                                            <span class=\"ee-postmeta-author\">admin<\/span>\n                                <\/li>\n            \n<\/ul>\n<\/div><a class=\"bde-text-link-302-118-601 bde-text-link bde-text-link-302-118 breakdance-link\" href=\"https:\/\/breakdance.com\/\" target=\"_self\" data-type=\"url\">\n  Text Link\n\n<\/a><div class=\"bde-fancy-divider-302-111-601 bde-fancy-divider bde-fancy-divider-302-111\">\n\n\n<div class=\"bde-fancy-divider__wrapper\">\n  <div class=\"bde-fancy-divider__separator   \">\n  \t  <\/div>\n<\/div>\n\n<\/div><div class=\"bde-div-302-120-601 bde-div bde-div-302-120\">\n  \n\t\n\n\n\n<ul class=\"bde-post-meta-302-124-601 bde-post-meta bde-post-meta-302-124\">\n\n<\/ul><ul class=\"bde-post-meta-302-112-601 bde-post-meta bde-post-meta-302-112\">\n\n<\/ul>\n<\/div>\n<\/div><\/div>\n<\/div>    <\/article>\n<\/div>\n\n<\/div><div class=\"bde-button-161-126 bde-button\">\n    \n                                    \n    \n    \n    \n    \n            \n                    \n            \n            \n\n    \n    \n    \n    \n    <a class=\"breakdance-link button-atom button-atom--custom bde-button__button\" href=\"https:\/\/equichannel.200.solutions\/?page_id=102\" target=\"_self\" data-type=\"url\"  >\n\n    \n        <span class=\"button-atom__text\">Dal\u0161\u00ed inzer\u00e1ty<\/span>\n\n        \n        \n                <\/a>\n\n    \n\n\n<\/div>\n<\/div>\n<\/div><\/div>\n<\/div><\/div>\n<\/section>","protected":false},"excerpt":{"rendered":"<p>Dom\u016f \u010cl\u00e1nky \u010cl\u00e1nky Zde vid\u00edte seznam v\u0161ech \u010dl\u00e1nk\u016f. \u010cl\u00e1nky podle oboru: Hello world! 19.05.2025 admin Welcome to WordPress. This is your first post. Edit or delete it, then start writing! Neza\u0159azen\u00e9 AKTU\u00c1LN\u011a Star\u0161\u00ed aktuality INZERCE Hello world! 02.06.2025 admin Text Link Dal\u0161\u00ed inzer\u00e1ty<\/p>\n","protected":false},"author":1,"featured_media":0,"parent":0,"menu_order":0,"comment_status":"closed","ping_status":"closed","template":"","meta":{"_breakdance_hide_in_design_set":false,"_breakdance_tags":"","footnotes":""},"class_list":["post-161","page","type-page","status-publish","hentry"],"acf":[],"_links":{"self":[{"href":"https:\/\/equichannel.200.solutions\/index.php?rest_route=\/wp\/v2\/pages\/161","targetHints":{"allow":["GET"]}}],"collection":[{"href":"https:\/\/equichannel.200.solutions\/index.php?rest_route=\/wp\/v2\/pages"}],"about":[{"href":"https:\/\/equichannel.200.solutions\/index.php?rest_route=\/wp\/v2\/types\/page"}],"author":[{"embeddable":true,"href":"https:\/\/equichannel.200.solutions\/index.php?rest_route=\/wp\/v2\/users\/1"}],"replies":[{"embeddable":true,"href":"https:\/\/equichannel.200.solutions\/index.php?rest_route=%2Fwp%2Fv2%2Fcomments&post=161"}],"version-history":[{"count":6,"href":"https:\/\/equichannel.200.solutions\/index.php?rest_route=\/wp\/v2\/pages\/161\/revisions"}],"predecessor-version":[{"id":531,"href":"https:\/\/equichannel.200.solutions\/index.php?rest_route=\/wp\/v2\/pages\/161\/revisions\/531"}],"wp:attachment":[{"href":"https:\/\/equichannel.200.solutions\/index.php?rest_route=%2Fwp%2Fv2%2Fmedia&parent=161"}],"curies":[{"name":"wp","href":"https:\/\/api.w.org\/{rel}","templated":true}]}}