{"id":178,"date":"2025-05-21T22:35:57","date_gmt":"2025-05-21T20:35:57","guid":{"rendered":"https:\/\/equichannel.200.solutions\/?page_id=178"},"modified":"2025-05-22T17:20:07","modified_gmt":"2025-05-22T15:20:07","slug":"registration","status":"publish","type":"page","link":"https:\/\/equichannel.200.solutions\/?page_id=178","title":{"rendered":"Registration"},"content":{"rendered":"<section class=\"bde-section-178-100 bde-section\">\n  \n\t\n\n\n\n<div class=\"section-container\"><div class=\"bde-code-block-178-108 bde-code-block\">\n\n\n\n<\/div><div class=\"bde-columns-178-115 bde-columns\"><div class=\"bde-column-178-116 bde-column\">\n  \n\t\n\n\n\n<h2 class=\"bde-heading-178-109 bde-heading\">\nRegistrace\n<\/h2>\n<\/div><div class=\"bde-column-178-117 bde-column\">\n  \n\t\n\n\n\n<h4 class=\"bde-heading-178-110 bde-heading\">\nCo z\u00edsk\u00e1te registrac\u00ed?\n<\/h4>\n<\/div><\/div><div class=\"bde-columns-178-102 bde-columns\"><div class=\"bde-column-178-103 bde-column\">\n  \n\t\n\n\n\n<div class=\"bde-shortcode-178-120 bde-shortcode\">\n\t<div class='user-registration ur-frontend-form   ' id='user-registration-form-212'>\n\t\t\t\t\t\t\t\t<form method='post' class='register' data-form-id=\"212\"\n\t\t\t\tdata-enable-strength-password=\"\" data-minimum-password-strength=\"3\"\n\t\t\t\t\t\t\t\t\t\t\t\t\t\t\t data-captcha-enabled=\"\">\n\n\t\t\t\t<div class=\"ur-form-row\" data-row-id=\"0\">\t\t\t\t\t\t<div class=\"ur-form-grid ur-grid-1\"\n\t\t\t\t\t\t\tstyle=\"width:48%\">\n\t\t\t\t\t\t\t\t\t\t\t\t\t\t<div  data-field-id=\"first_name\" class=\"ur-field-item field-first_name \" data-ref-id=\"first_name\" data-field-pattern-enabled=\"0\" data-field-pattern-value=\" \" data-field-pattern-message=\" \">\n\t\t\t\t\t\t\t\t\t<div class=\"form-row validate-required\" id=\"first_name_field\" data-priority=\"\" > <span class=\"input-wrapper\"> <input  data-rules=\"\" data-id=\"first_name\" type=\"text\" class=\"input-text   input-text ur-frontend-field  \" name=\"first_name\" id=\"first_name\" placeholder=\"Jm\u00e9no\"  value=\"\" required=\"required\" data-label=\"First Name\" \/> <\/span> <\/div>\t\t\t\t\t\t\t\t<\/div>\n\t\t\t\t\t\t\t\t\t\t\t\t\t\t<\/div>\n\t\t\t\t\t\t\t\t\t\t\t\t<div class=\"ur-form-grid ur-grid-2\"\n\t\t\t\t\t\t\tstyle=\"width:48%\">\n\t\t\t\t\t\t\t\t\t\t\t\t\t\t<div  data-field-id=\"last_name\" class=\"ur-field-item field-last_name \" data-ref-id=\"last_name\" data-field-pattern-enabled=\"0\" data-field-pattern-value=\" \" data-field-pattern-message=\" \">\n\t\t\t\t\t\t\t\t\t<div class=\"form-row validate-required\" id=\"last_name_field\" data-priority=\"\" > <span class=\"input-wrapper\"> <input  data-rules=\"\" data-id=\"last_name\" type=\"text\" class=\"input-text   input-text ur-frontend-field  \" name=\"last_name\" id=\"last_name\" placeholder=\"P\u0159\u00edjmen\u00ed\"  value=\"\" required=\"required\" data-label=\"Last Name\" \/> <\/span> <\/div>\t\t\t\t\t\t\t\t<\/div>\n\t\t\t\t\t\t\t\t\t\t\t\t\t\t<\/div>\n\t\t\t\t\t\t\t\t\t\t\t<\/div>\n\t\t\t\t\t<div class=\"ur-form-row\" data-row-id=\"1\">\t\t\t\t\t\t<div class=\"ur-form-grid ur-grid-1\"\n\t\t\t\t\t\t\tstyle=\"width:48%\">\n\t\t\t\t\t\t\t\t\t\t\t\t\t\t<div  data-field-id=\"user_email\" class=\"ur-field-item field-user_email \" data-ref-id=\"user_email\" data-field-pattern-enabled=\"0\" data-field-pattern-value=\" \" data-field-pattern-message=\" \">\n\t\t\t\t\t\t\t\t\t<div class=\"form-row validate-required\" id=\"user_email_field\" data-priority=\"\" > <span class=\"input-wrapper\"> <input  data-rules=\"\" data-id=\"user_email\" type=\"email\" class=\"input-text   input-email ur-frontend-field  \" name=\"user_email\" id=\"user_email\" placeholder=\"E-mailov\u00e1 adresa\"  value=\"\" required=\"required\" data-label=\"User Email\" \/> <\/span> <\/div>\t\t\t\t\t\t\t\t<\/div>\n\t\t\t\t\t\t\t\t\t\t\t\t\t\t<\/div>\n\t\t\t\t\t\t\t\t\t\t\t\t<div class=\"ur-form-grid ur-grid-2\"\n\t\t\t\t\t\t\tstyle=\"width:48%\">\n\t\t\t\t\t\t\t\t\t\t\t\t\t\t<div  data-field-id=\"user_login\" class=\"ur-field-item field-user_login \" data-ref-id=\"user_login\" data-field-pattern-enabled=\"0\" data-field-pattern-value=\" \" data-field-pattern-message=\" \">\n\t\t\t\t\t\t\t\t\t<div class=\"form-row \" id=\"user_login_field\" data-priority=\"\" > <span class=\"input-wrapper\"> <input  data-rules=\"\" data-id=\"user_login\" type=\"text\" class=\"input-text   input-text ur-frontend-field  \" name=\"user_login\" id=\"user_login\" placeholder=\"P\u0159ezd\u00edvka\"  value=\"\" data-label=\"Username\" data-username-character=\"1\"\/> <\/span> <\/div>\t\t\t\t\t\t\t\t<\/div>\n\t\t\t\t\t\t\t\t\t\t\t\t\t\t<\/div>\n\t\t\t\t\t\t\t\t\t\t\t<\/div>\n\t\t\t\t\t<div class=\"ur-form-row\" data-row-id=\"3\">\t\t\t\t\t\t<div class=\"ur-form-grid ur-grid-1\"\n\t\t\t\t\t\t\tstyle=\"width:48%\">\n\t\t\t\t\t\t\t\t\t\t\t\t\t\t<div  data-field-id=\"user_pass\" class=\"ur-field-item field-user_pass \" data-ref-id=\"user_pass\" data-field-pattern-enabled=\"0\" data-field-pattern-value=\" \" data-field-pattern-message=\" \">\n\t\t\t\t\t\t\t\t\t<div class=\"form-row validate-required hide_show_password\" id=\"user_pass_field\" data-priority=\"\"> <span class=\"input-wrapper\"> <span class=\"password-input-group input-form-field-icons\"><input data-rules=\"\" data-id=\"user_pass\" type=\"password\" class=\"input-text  input-password ur-frontend-field  \" name=\"user_pass\" id=\"user_pass\" placeholder=\"P\u0159ihla\u0161ovac\u00ed heslo\"  value=\"\" required=\"required\" data-label=\"User Password\" \/><\/span> <\/span> <\/div>\t\t\t\t\t\t\t\t<\/div>\n\t\t\t\t\t\t\t\t\t\t\t\t\t\t<\/div>\n\t\t\t\t\t\t\t\t\t\t\t\t<div class=\"ur-form-grid ur-grid-2\"\n\t\t\t\t\t\t\tstyle=\"width:48%\">\n\t\t\t\t\t\t\t\t\t\t\t\t\t\t<div  data-field-id=\"user_confirm_password\" class=\"ur-field-item field-user_confirm_password \" data-ref-id=\"user_confirm_password\" data-field-pattern-enabled=\"0\" data-field-pattern-value=\" \" data-field-pattern-message=\" \">\n\t\t\t\t\t\t\t\t\t<div class=\"form-row validate-required hide_show_password\" id=\"user_confirm_password_field\" data-priority=\"\"> <span class=\"input-wrapper\"> <span class=\"password-input-group input-form-field-icons\"><input data-rules=\"\" data-id=\"user_confirm_password\" type=\"password\" class=\"input-text  input-password ur-frontend-field  \" name=\"user_confirm_password\" id=\"user_confirm_password\" placeholder=\"Potvrzovac\u00ed heslo\"  value=\"\" required=\"required\" data-label=\"Confirm Password\" \/><\/span> <\/span> <\/div>\t\t\t\t\t\t\t\t<\/div>\n\t\t\t\t\t\t\t\t\t\t\t\t\t\t<\/div>\n\t\t\t\t\t\t\t\t\t\t\t<\/div>\n\t\t\t\t\t<div class=\"ur-form-row\" data-row-id=\"4\">\t\t\t\t\t\t<div class=\"ur-form-grid ur-grid-1\"\n\t\t\t\t\t\t\tstyle=\"width:48%\">\n\t\t\t\t\t\t\t\t\t\t\t\t\t\t<div  data-field-id=\"user_city\" class=\"ur-field-item field-text \" data-ref-id=\"user_city\" data-field-pattern-enabled=\"0\" data-field-pattern-value=\" \" data-field-pattern-message=\" \">\n\t\t\t\t\t\t\t\t\t<div class=\"form-row validate-required\" id=\"user_city_field\" data-priority=\"\" > <span class=\"input-wrapper\"> <input  data-rules=\"\" data-id=\"user_city\" type=\"text\" class=\"input-text   input-text ur-frontend-field  \" name=\"user_city\" id=\"user_city\" placeholder=\"M\u011bsto\"  value=\"\" required=\"required\" data-label=\"City\" \/> <\/span> <\/div>\t\t\t\t\t\t\t\t<\/div>\n\t\t\t\t\t\t\t\t\t\t\t\t\t\t<\/div>\n\t\t\t\t\t\t\t\t\t\t\t\t<div class=\"ur-form-grid ur-grid-2\"\n\t\t\t\t\t\t\tstyle=\"width:48%\">\n\t\t\t\t\t\t\t\t\t\t\t\t\t\t<div  data-field-id=\"radio_1747925747\" class=\"ur-field-item field-radio \" data-ref-id=\"radio_1747925747\" data-field-pattern-enabled=\"0\" data-field-pattern-value=\" \" data-field-pattern-message=\" \">\n\t\t\t\t\t\t\t\t\t<div class=\"form-row validate-required\" id=\"radio_1747925747_field\" data-priority=\"\" ><label for=\"Va\u0161i p\u0159ezd\u00edvku\" class=\"ur-label\">Ostatn\u00ed u\u017eivatel\u00e9 uvid\u00ed <abbr class=\"required\" title=\"required\">*<\/abbr><\/label><ul><li class=\"ur-radio-list\"><input data-rules=\"\" data-id=\"radio_1747925747\" type=\"radio\" class=\"input-radio ur-frontend-field  \" value=\"Va\u0161i p\u0159ezd\u00edvku\"  name=\"radio_1747925747\" id=\"radio_1747925747_Va\u0161i p\u0159ezd\u00edvku\" required=\"required\" data-label=\"Ostatn\u00ed u\u017eivatel\u00e9 uvid\u00ed\" data-default=\"Va\u0161i p\u0159ezd\u00edvku\" \/  checked='checked' \/> <label for=\"radio_1747925747_Va\u0161i p\u0159ezd\u00edvku\" class=\"radio\">Va\u0161i p\u0159ezd\u00edvku<\/label><\/li><li class=\"ur-radio-list\"><input data-rules=\"\" data-id=\"radio_1747925747\" type=\"radio\" class=\"input-radio ur-frontend-field  \" value=\"Va\u0161e jm\u00e9no a p\u0159\u00edjmen\u00ed\"  name=\"radio_1747925747\" id=\"radio_1747925747_Va\u0161e jm\u00e9no a p\u0159\u00edjmen\u00ed\" required=\"required\" data-label=\"Ostatn\u00ed u\u017eivatel\u00e9 uvid\u00ed\" data-default=\"Va\u0161i p\u0159ezd\u00edvku\" \/  \/> <label for=\"radio_1747925747_Va\u0161e jm\u00e9no a p\u0159\u00edjmen\u00ed\" class=\"radio\">Va\u0161e jm\u00e9no a p\u0159\u00edjmen\u00ed<\/label><\/li><\/ul><\/div>\t\t\t\t\t\t\t\t<\/div>\n\t\t\t\t\t\t\t\t\t\t\t\t\t\t<\/div>\n\t\t\t\t\t\t\t\t\t\t\t<\/div>\n\t\t\t\t\t<div class=\"ur-form-row\" data-row-id=\"5\">\t\t\t\t\t\t<div class=\"ur-form-grid ur-grid-1\"\n\t\t\t\t\t\t\tstyle=\"width:99%\">\n\t\t\t\t\t\t\t\t\t\t\t\t\t\t<div  data-field-id=\"privacy_policy_1747926077\" class=\"ur-field-item field-privacy_policy \" data-ref-id=\"privacy_policy_1747926077\" data-field-pattern-enabled=\"0\" data-field-pattern-value=\" \" data-field-pattern-message=\" \">\n\t\t\t\t\t\t\t\t\t<div class=\"form-row validate-required\" id=\"privacy_policy_1747926077_field\" data-priority=\"\" ><label class=\"ur-label checkbox\" required=\"required\" data-label=\"Odesl\u00e1n\u00edm souhlas\u00edm se zpracov\u00e1n\u00edm osobn\u00edch \u00fadaj\u016f.\">\n\t\t\t\t\t\t\t<input data-rules=\"\" data-id=\"privacy_policy_1747926077\" required=\"required\" data-label=\"Odesl\u00e1n\u00edm souhlas\u00edm se zpracov\u00e1n\u00edm osobn\u00edch \u00fadaj\u016f.\" data-value=\"\" type=\"checkbox\" class=\"input-checkbox ur-frontend-field \" name=\"privacy_policy_1747926077\" id=\"privacy_policy_1747926077\" value=\"1\"  \/> Odesl\u00e1n\u00edm souhlas\u00edm se zpracov\u00e1n\u00edm osobn\u00edch \u00fadaj\u016f. <abbr class=\"required\" title=\"required\">*<\/abbr><\/label><\/div>\t\t\t\t\t\t\t\t<\/div>\n\t\t\t\t\t\t\t\t\t\t\t\t\t\t<\/div>\n\t\t\t\t\t\t\t\t\t\t\t<\/div>\n\t\t\t\t\t\t\t\t\t\t\t\t\t\t\t\t\t<div class=\"ur-button-container \" >\n\t\t\t\t\t\t\t\t\t\t\t\t\t\t<button type=\"submit\" class=\"btn button ur-submit-button \"  conditional_rules=\"&quot;&quot;\">\n\t\t\t\t\t\t\t\t<span><\/span>\n\t\t\t\t\t\t\t\tRegistrovat\t\t\t\t\t\t\t<\/button>\n\t\t\t\t\t\t\t\t\t\t\t\t\t\t\t\t\t\t\t\t<\/div>\n\t\t\t\t\t\t\n\t\t\t\t<div style=\"clear:both\"><\/div>\n\t\t\t\t\t\t\t\t<input type=\"hidden\" name=\"ur-registration-language\" value=\"en-US\"\/>\n\t\t\t\t<input type=\"hidden\" name=\"ur-user-form-id\" value=\"212\"\/>\n\t\t\t\t<input type=\"hidden\" name=\"ur-redirect-url\" value=\"https:\/\/equichannel.200.solutions\/?page_id=208\/\"\/>\n\t\t\t\t<input type=\"hidden\" id=\"ur_frontend_form_nonce\" name=\"ur_frontend_form_nonce\" value=\"ae04658735\" \/>\n\t\t\t\t\t\t\t<\/form>\n\t\t\t\n\t\t<div style=\"clear:both\"><\/div>\n\t<\/div>\n\n<\/div>\n<\/div><div class=\"bde-column-178-104 bde-column\">\n  \n\t\n\n\n\n<div class=\"bde-fancy-divider-178-111 bde-fancy-divider\">\n\n\n<div class=\"bde-fancy-divider__wrapper\">\n  <div class=\"bde-fancy-divider__separator   \">\n  \t  <\/div>\n<\/div>\n\n<\/div><div class=\"bde-rich-text-178-113 bde-rich-text breakdance-rich-text-styles\">\n<p class=\"fs-0-9\">Jako registrovan\u00fd u\u017eivatel tohoto webu\u00a0<strong>m\u016f\u017eete vkl\u00e1dat \u010dl\u00e1nky, diskutovat, zve\u0159ej\u0148ovat sv\u00e9 akce a odkazy<\/strong>, ale tak\u00e9 o sob\u011b \u0159\u00edci trochu v\u00edce ostatn\u00edm p\u0159ihl\u00e1\u0161en\u00fdm u\u017eivatel\u016fm.<\/p>\n<\/div><a class=\"bde-text-link-178-114 bde-text-link breakdance-link\" href=\"#\" target=\"_self\" data-type=\"action\" data-action=\"{&quot;type&quot;:&quot;popup&quot;,&quot;popupOptions&quot;:{&quot;popupId&quot;:&quot;52&quot;,&quot;popupAction&quot;:&quot;open&quot;}}\">\n  M\u00e1te ji\u017e \u00fa\u010det? P\u0159ihl\u00e1sit se\n\n<\/a>\n<\/div><\/div><\/div>\n<\/section>","protected":false},"excerpt":{"rendered":"<p>Registrace Co z\u00edsk\u00e1te registrac\u00ed? Ostatn\u00ed u\u017eivatel\u00e9 uvid\u00ed * Va\u0161i p\u0159ezd\u00edvku Va\u0161e jm\u00e9no a p\u0159\u00edjmen\u00ed Odesl\u00e1n\u00edm souhlas\u00edm se zpracov\u00e1n\u00edm osobn\u00edch \u00fadaj\u016f. * Registrovat Jako registrovan\u00fd u\u017eivatel tohoto webu\u00a0m\u016f\u017eete vkl\u00e1dat \u010dl\u00e1nky, diskutovat, zve\u0159ej\u0148ovat sv\u00e9 akce a odkazy, ale tak\u00e9 o sob\u011b \u0159\u00edci trochu v\u00edce ostatn\u00edm p\u0159ihl\u00e1\u0161en\u00fdm u\u017eivatel\u016fm. M\u00e1te ji\u017e \u00fa\u010det? P\u0159ihl\u00e1sit se<\/p>\n","protected":false},"author":1,"featured_media":0,"parent":0,"menu_order":0,"comment_status":"closed","ping_status":"closed","template":"","meta":{"_breakdance_hide_in_design_set":false,"_breakdance_tags":"","footnotes":""},"class_list":["post-178","page","type-page","status-publish","hentry"],"acf":[],"_links":{"self":[{"href":"https:\/\/equichannel.200.solutions\/index.php?rest_route=\/wp\/v2\/pages\/178","targetHints":{"allow":["GET"]}}],"collection":[{"href":"https:\/\/equichannel.200.solutions\/index.php?rest_route=\/wp\/v2\/pages"}],"about":[{"href":"https:\/\/equichannel.200.solutions\/index.php?rest_route=\/wp\/v2\/types\/page"}],"author":[{"embeddable":true,"href":"https:\/\/equichannel.200.solutions\/index.php?rest_route=\/wp\/v2\/users\/1"}],"replies":[{"embeddable":true,"href":"https:\/\/equichannel.200.solutions\/index.php?rest_route=%2Fwp%2Fv2%2Fcomments&post=178"}],"version-history":[{"count":88,"href":"https:\/\/equichannel.200.solutions\/index.php?rest_route=\/wp\/v2\/pages\/178\/revisions"}],"predecessor-version":[{"id":296,"href":"https:\/\/equichannel.200.solutions\/index.php?rest_route=\/wp\/v2\/pages\/178\/revisions\/296"}],"wp:attachment":[{"href":"https:\/\/equichannel.200.solutions\/index.php?rest_route=%2Fwp%2Fv2%2Fmedia&parent=178"}],"curies":[{"name":"wp","href":"https:\/\/api.w.org\/{rel}","templated":true}]}}